{"id":3735,"date":"2023-07-21T08:54:01","date_gmt":"2023-07-21T06:54:01","guid":{"rendered":"https:\/\/antichefamiglietoscane.com\/accommodations\/villa-cavaglioni-bb\/"},"modified":"2024-04-28T10:29:37","modified_gmt":"2024-04-28T08:29:37","slug":"cavaglioni-mansione-bb","status":"publish","type":"product","link":"https:\/\/antichefamiglietoscane.com\/it\/accommodations\/cavaglioni-mansione-bb\/","title":{"rendered":"Villa Cavaglioni BndB"},"content":{"rendered":"<p>La villa \u00e8 un grazioso edificio monumentale ricavato dall&#8217;originaria fortezza del XIV secolo e si affaccia sulla verde vallata della Fattoria dei Cavaglioni. La villa \u00e8 spesso presente nelle pubblicazioni sulle ville in Toscana, per il suo giardino e le sue stanze dipinte. Dal XIX secolo \u00e8 di propriet\u00e0 della nostra famiglia. La casa conserva ancora intatti i mobili e i dipinti originali. Ospitalit\u00e0 in camere al 2\u00b0 piano, alcune con aria condizionata. All&#8217;esterno potrete trascorrere il vostro tempo negli ampi spazi verdi e nel giardino, nuotare nella nostra fantastica piscina naturale o in quella convenzionale, passeggiare per la fattoria e degustare i nostri vini naturali. Vicinissimo ai luoghi pi\u00f9 famosi della Toscana come Montalcino e San Gimignano, per vacanze enologiche, culturali e cos\u00ec via. Inoltre, ci sono varie attivit\u00e0 nelle vicinanze, come un grande campo da golf a 5 minuti, le acque termali a 20 minuti, la citt\u00e0 di Siena a 10 minuti.<\/p>\n<div class=\"n2_ss_slider_publish__option_code\" dir=\"ltr\" data-mode=\"id\"><\/div>\n\n","protected":false},"excerpt":{"rendered":"<p>Dormite nel nostro bed and breakfast e godetevi la nostra piscina naturale con un&#8217;esperienza coinvolgente nella campagna toscana. Proprio di fronte al nostro noto ristorante L&#8217;Ocio Giulivo.<\/p>\n","protected":false},"featured_media":2827,"template":"","meta":{"site-sidebar-layout":"default","site-content-layout":"default","ast-site-content-layout":"default","site-content-style":"default","site-sidebar-style":"default","ast-global-header-display":"","ast-banner-title-visibility":"","ast-main-header-display":"","ast-hfb-above-header-display":"","ast-hfb-below-header-display":"","ast-hfb-mobile-header-display":"","site-post-title":"","ast-breadcrumbs-content":"","ast-featured-img":"","footer-sml-layout":"","ast-disable-related-posts":"","theme-transparent-header-meta":"default","adv-header-id-meta":"","stick-header-meta":"","header-above-stick-meta":"","header-main-stick-meta":"","header-below-stick-meta":"","astra-migrate-meta-layouts":"default","ast-page-background-enabled":"default","ast-page-background-meta":{"desktop":{"background-color":"","background-image":"","background-repeat":"repeat","background-position":"center center","background-size":"auto","background-attachment":"scroll","background-type":"","background-media":"","overlay-type":"","overlay-color":"","overlay-opacity":"","overlay-gradient":""},"tablet":{"background-color":"","background-image":"","background-repeat":"repeat","background-position":"center center","background-size":"auto","background-attachment":"scroll","background-type":"","background-media":"","overlay-type":"","overlay-color":"","overlay-opacity":"","overlay-gradient":""},"mobile":{"background-color":"","background-image":"","background-repeat":"repeat","background-position":"center center","background-size":"auto","background-attachment":"scroll","background-type":"","background-media":"","overlay-type":"","overlay-color":"","overlay-opacity":"","overlay-gradient":""}},"ast-content-background-meta":{"desktop":{"background-color":"var(--ast-global-color-5)","background-image":"","background-repeat":"repeat","background-position":"center center","background-size":"auto","background-attachment":"scroll","background-type":"","background-media":"","overlay-type":"","overlay-color":"","overlay-opacity":"","overlay-gradient":""},"tablet":{"background-color":"var(--ast-global-color-5)","background-image":"","background-repeat":"repeat","background-position":"center center","background-size":"auto","background-attachment":"scroll","background-type":"","background-media":"","overlay-type":"","overlay-color":"","overlay-opacity":"","overlay-gradient":""},"mobile":{"background-color":"var(--ast-global-color-5)","background-image":"","background-repeat":"repeat","background-position":"center center","background-size":"auto","background-attachment":"scroll","background-type":"","background-media":"","overlay-type":"","overlay-color":"","overlay-opacity":"","overlay-gradient":""}}},"product_brand":[],"product_cat":[489,488,490,508],"product_tag":[548,526,540,538,541,539,532,549,519],"class_list":{"0":"post-3735","1":"product","2":"type-product","3":"status-publish","4":"has-post-thumbnail","6":"product_cat-azienda-agricola-cavaglioni","7":"product_cat-camere-bb","8":"product_cat-villa-cavaglioni-it","9":"product_cat-ville","10":"product_tag-10-minuti-in-auto-da-siena","11":"product_tag-10-posti-letto-o-piu","12":"product_tag-albergo","13":"product_tag-bb-it","14":"product_tag-biopiscina","15":"product_tag-camere-da-letto","16":"product_tag-campagna-toscana","17":"product_tag-vicino-a-siena","18":"product_tag-ville","19":"desktop-align-center","20":"tablet-align-left","21":"mobile-align-left","23":"first","24":"outofstock","25":"featured","26":"shipping-taxable","27":"product-type-simple"},"_links":{"self":[{"href":"https:\/\/antichefamiglietoscane.com\/it\/wp-json\/wp\/v2\/product\/3735","targetHints":{"allow":["GET"]}}],"collection":[{"href":"https:\/\/antichefamiglietoscane.com\/it\/wp-json\/wp\/v2\/product"}],"about":[{"href":"https:\/\/antichefamiglietoscane.com\/it\/wp-json\/wp\/v2\/types\/product"}],"wp:featuredmedia":[{"embeddable":true,"href":"https:\/\/antichefamiglietoscane.com\/it\/wp-json\/wp\/v2\/media\/2827"}],"wp:attachment":[{"href":"https:\/\/antichefamiglietoscane.com\/it\/wp-json\/wp\/v2\/media?parent=3735"}],"wp:term":[{"taxonomy":"product_brand","embeddable":true,"href":"https:\/\/antichefamiglietoscane.com\/it\/wp-json\/wp\/v2\/product_brand?post=3735"},{"taxonomy":"product_cat","embeddable":true,"href":"https:\/\/antichefamiglietoscane.com\/it\/wp-json\/wp\/v2\/product_cat?post=3735"},{"taxonomy":"product_tag","embeddable":true,"href":"https:\/\/antichefamiglietoscane.com\/it\/wp-json\/wp\/v2\/product_tag?post=3735"}],"curies":[{"name":"wp","href":"https:\/\/api.w.org\/{rel}","templated":true}]}}