{"id":3705,"date":"2023-07-19T14:55:24","date_gmt":"2023-07-19T12:55:24","guid":{"rendered":"https:\/\/antichefamiglietoscane.com\/accommodations\/agriturismo-san-pietro\/"},"modified":"2024-04-28T10:34:02","modified_gmt":"2024-04-28T08:34:02","slug":"san-pietro-agriturismo","status":"publish","type":"product","link":"https:\/\/antichefamiglietoscane.com\/it\/accommodations\/san-pietro-agriturismo\/","title":{"rendered":"Agriturismo San Pietro"},"content":{"rendered":"<p>Questa bella e tipica villa di campagna \u00e8 la casa pi\u00f9 isolata della Fattoria di Palazzo di Piero. \u00c8 circondata da boschi e campi ed \u00e8 molto vicina a uno dei due laghetti della fattoria e a 100 metri dal piccolo fiume che taglia la tenuta in due parti. A circa 1 km dal Castello e dalla piscina 10X20 mt.<br \/>\nUn&#8217;enorme area privata dove rilassarsi, sedersi e consumare pasti e barbecue; una scala esterna in pietra conduce a una loggia interna.<br \/>\nLa casa, calda e affascinante, pu\u00f2 ospitare 6\/8 persone ed \u00e8 composta da un soggiorno con grande camino, una grande cucina ben arredata, tre camere da letto (di cui una molto grande), tre bagni con doccia, di cui uno ensuite.<br \/>\nCitt\u00e0 e negozi pi\u00f9 vicini a 2 km.<br \/>\nMontepulciano e Pienza sono raggiungibili in 20 minuti; Siena e Perugia in 1 ora; Firenze e Roma in 1 ora e mezza.<\/p>\n<h6>Struttura<\/h6>\n<p><strong>All&#8217;interno<\/strong><\/p>\n<ul>\n<li>Cucina<\/li>\n<li>1 soggiorno(i)<\/li>\n<li>2 camere da letto doppie<\/li>\n<li>1 camera\/e doppia\/e<\/li>\n<li>3 bagni con doccia<\/li>\n<\/ul>\n<p><strong>All&#8217;esterno<\/strong><\/p>\n<ul>\n<li>Giardino<\/li>\n<li>Arredi da giardino<\/li>\n<li>Ampio parcheggio<\/li>\n<li>1 loggia(e) \/ balconata(e)<\/li>\n<\/ul>\n<div class=\"n2_ss_slider_publish__option_code\" dir=\"ltr\" data-mode=\"id\"><\/div>\n<div dir=\"ltr\" data-mode=\"id\"><\/div>\n","protected":false},"excerpt":{"rendered":"<p>Questa bella e tipica villa di campagna \u00e8 la casa pi\u00f9 isolata della Fattoria di Palazzo di Piero. \u00c8 circondata da boschi e campi ed \u00e8 molto vicina a uno dei due laghetti della fattoria e a 100 metri dal piccolo fiume che taglia la tenuta in due parti. A circa 1 km dal Castello [&hellip;]<\/p>\n","protected":false},"featured_media":3651,"template":"","meta":{"site-sidebar-layout":"default","site-content-layout":"default","ast-site-content-layout":"default","site-content-style":"default","site-sidebar-style":"default","ast-global-header-display":"","ast-banner-title-visibility":"","ast-main-header-display":"","ast-hfb-above-header-display":"","ast-hfb-below-header-display":"","ast-hfb-mobile-header-display":"","site-post-title":"","ast-breadcrumbs-content":"","ast-featured-img":"","footer-sml-layout":"","ast-disable-related-posts":"","theme-transparent-header-meta":"default","adv-header-id-meta":"","stick-header-meta":"","header-above-stick-meta":"","header-main-stick-meta":"","header-below-stick-meta":"","astra-migrate-meta-layouts":"default","ast-page-background-enabled":"default","ast-page-background-meta":{"desktop":{"background-color":"","background-image":"","background-repeat":"repeat","background-position":"center center","background-size":"auto","background-attachment":"scroll","background-type":"","background-media":"","overlay-type":"","overlay-color":"","overlay-opacity":"","overlay-gradient":""},"tablet":{"background-color":"","background-image":"","background-repeat":"repeat","background-position":"center center","background-size":"auto","background-attachment":"scroll","background-type":"","background-media":"","overlay-type":"","overlay-color":"","overlay-opacity":"","overlay-gradient":""},"mobile":{"background-color":"","background-image":"","background-repeat":"repeat","background-position":"center center","background-size":"auto","background-attachment":"scroll","background-type":"","background-media":"","overlay-type":"","overlay-color":"","overlay-opacity":"","overlay-gradient":""}},"ast-content-background-meta":{"desktop":{"background-color":"var(--ast-global-color-5)","background-image":"","background-repeat":"repeat","background-position":"center center","background-size":"auto","background-attachment":"scroll","background-type":"","background-media":"","overlay-type":"","overlay-color":"","overlay-opacity":"","overlay-gradient":""},"tablet":{"background-color":"var(--ast-global-color-5)","background-image":"","background-repeat":"repeat","background-position":"center center","background-size":"auto","background-attachment":"scroll","background-type":"","background-media":"","overlay-type":"","overlay-color":"","overlay-opacity":"","overlay-gradient":""},"mobile":{"background-color":"var(--ast-global-color-5)","background-image":"","background-repeat":"repeat","background-position":"center center","background-size":"auto","background-attachment":"scroll","background-type":"","background-media":"","overlay-type":"","overlay-color":"","overlay-opacity":"","overlay-gradient":""}}},"product_brand":[],"product_cat":[496,503],"product_tag":[499,532,500],"class_list":{"0":"post-3705","1":"product","2":"type-product","3":"status-publish","4":"has-post-thumbnail","6":"product_cat-agriturismi-in-autogestione","7":"product_cat-azienda-agricola-palazzo-di-piero","8":"product_tag-agriturismo","9":"product_tag-campagna-toscana","10":"product_tag-selfcatering-it","11":"desktop-align-center","12":"tablet-align-left","13":"mobile-align-left","15":"first","16":"outofstock","17":"shipping-taxable","18":"product-type-simple"},"_links":{"self":[{"href":"https:\/\/antichefamiglietoscane.com\/it\/wp-json\/wp\/v2\/product\/3705","targetHints":{"allow":["GET"]}}],"collection":[{"href":"https:\/\/antichefamiglietoscane.com\/it\/wp-json\/wp\/v2\/product"}],"about":[{"href":"https:\/\/antichefamiglietoscane.com\/it\/wp-json\/wp\/v2\/types\/product"}],"wp:featuredmedia":[{"embeddable":true,"href":"https:\/\/antichefamiglietoscane.com\/it\/wp-json\/wp\/v2\/media\/3651"}],"wp:attachment":[{"href":"https:\/\/antichefamiglietoscane.com\/it\/wp-json\/wp\/v2\/media?parent=3705"}],"wp:term":[{"taxonomy":"product_brand","embeddable":true,"href":"https:\/\/antichefamiglietoscane.com\/it\/wp-json\/wp\/v2\/product_brand?post=3705"},{"taxonomy":"product_cat","embeddable":true,"href":"https:\/\/antichefamiglietoscane.com\/it\/wp-json\/wp\/v2\/product_cat?post=3705"},{"taxonomy":"product_tag","embeddable":true,"href":"https:\/\/antichefamiglietoscane.com\/it\/wp-json\/wp\/v2\/product_tag?post=3705"}],"curies":[{"name":"wp","href":"https:\/\/api.w.org\/{rel}","templated":true}]}}