{"id":3682,"date":"2023-07-21T07:34:08","date_gmt":"2023-07-21T07:34:08","guid":{"rendered":"https:\/\/antichefamiglietoscane.com\/fattoria-palazzo-di-piero\/"},"modified":"2023-07-21T08:19:53","modified_gmt":"2023-07-21T08:19:53","slug":"fattoria-palazzo-di-piero","status":"publish","type":"page","link":"https:\/\/antichefamiglietoscane.com\/it\/fattoria-palazzo-di-piero\/","title":{"rendered":"Fattoria Palazzo di Piero"},"content":{"rendered":"\n<p>Situato in una delle zone pi\u00f9 idilliache della Toscana e nascosto tra lecci secolari, pini, vigneti, oliveti, stagni e ruscelli, Palazzo di Piero ha quel fascino speciale dei siti etruschi. Alla fine di un viale alberato si trova la grande residenza medievale con la sua elegante loggia e il campanile, la sua cappella affrescata del XVI secolo e il suo grazioso cortile interno.<\/p>\n\n<p>La fattoria si trova vicino a Sarteano (2 km), a Chianciano (4 km), famose per le loro acque termali, e a Chiusi, ricca di affascinanti siti archeologici e vicina al confine tra Umbria e Toscana. Questa zona offre non solo vacanze salutari e una variet\u00e0 di attivit\u00e0 all&#8217;aperto, ma \u00e8 anche un interessante punto di partenza per conoscere la cultura e le tradizioni di questa regione.<\/p>\n\n<p>La propriet\u00e0 si trova a soli 4 km dall&#8217;autostrada A1, il che la rende un centro per le principali visite turistiche. Firenze, Perugia e Assisi sono tutte facilmente raggiungibili, Gubbio e Orvieto a meno di un&#8217;ora di auto. Roma pu\u00f2 essere raggiunta sia in treno da Chiusi, sia in due ore di auto.<\/p>\n\n<p>La Valdichiana \u00e8 una base di vacanza eccellente, che apre sia la regione di Siena che la regione dell&#8217;Umbria intorno al Lago Trasimeno. Questo era uno dei domini pi\u00f9 importanti degli Etruschi; la citt\u00e0 di Chiusi era un punto di scambio prima che Roma fosse fondata. Ogni angolo della campagna pu\u00f2 nascondere un tesoro: una piccola chiesa con un&#8217;opera d&#8217;arte sconosciuta o un&#8217;antica memoria di una battaglia. La natura rende questa zona molto varia e unica.<\/p>\n\n<p>Cursore intelligente con ID: 8<\/p>\n\n<h6 class=\"wp-block-heading\">Dove si trova&#8230;<\/h6>\n\n<h6 class=\"wp-block-heading\">Come raggiungerci<\/h6>\n\n<p>Palazzo di Piero si trova nella parte meridionale della provincia di Siena, la pi\u00f9 estesa della Toscana, tra la Val di Chiana (famosa per la sua ricca agricoltura) e la Val d&#8217;Orcia. Le citt\u00e0 intorno alla fattoria (Montalcino, Montepulciano e Pienza) sono molto antiche e famose per la produzione di vino e formaggio e si trovano a meno di un&#8217;ora di macchina.<\/p>\n\n<p><strong>Per raggiungere Palazzo di Piero<\/strong>: dall&#8217;autostrada A1 uscire a Chiusi-Chianciano. Prendere la direzione per Chianciano; dopo 4 km c&#8217;\u00e8 una strada bianca con alberi su entrambi i lati che porta all&#8217;azienda.<\/p>\n\n<h6 class=\"wp-block-heading\">Citt\u00e0 e mobilit\u00e0<\/h6>\n\n<h6 class=\"wp-block-heading\">Servizi locali<\/h6>\n\n<ul class=\"wp-block-list\">\n<li>Siena: 80 Km<\/li>\n\n\n\n<li>Firenze: 100 Km<\/li>\n\n\n\n<li>Roma: 190 Km<\/li>\n\n\n\n<li>Aeroporti: a Firenze e Roma<\/li>\n\n\n\n<li>Stazione ferroviaria (Chiusi): 11 Km<\/li>\n\n\n\n<li>Fermata dell&#8217;autobus: 1 Km<\/li>\n\n\n\n<li>A1: 6 Km<\/li>\n<\/ul>\n\n<ul class=\"wp-block-list\">\n<li>Piscina: in azienda<\/li>\n\n\n\n<li>Tennis: 4 Km<\/li>\n\n\n\n<li>Cavalli: 2 Km<\/li>\n\n\n\n<li>Golf: 3 Km<\/li>\n\n\n\n<li>Pesca: in azienda<\/li>\n\n\n\n<li>Prodotti tipici: in azienda<\/li>\n\n\n\n<li>Ospedale: 8 Km<\/li>\n<\/ul>\n\n<figure class=\"wp-block-embed\"><div class=\"wp-block-embed__wrapper\">\nhttps:\/\/maps.google.com\/maps?q=palazzo%20di%20piero&#038;t=m&#038;z=12&#038;output=embed&#038;iwloc=near\n<\/div><\/figure>\n","protected":false},"excerpt":{"rendered":"<p>Situato in una delle zone pi\u00f9 idilliache della Toscana e nascosto tra lecci secolari, pini, vigneti, oliveti, stagni e ruscelli, Palazzo di Piero ha quel fascino speciale dei siti etruschi. Alla fine di un viale alberato si trova la grande residenza medievale con la sua elegante loggia e il campanile, la sua cappella affrescata del [&hellip;]<\/p>\n","protected":false},"author":1,"featured_media":0,"parent":0,"menu_order":0,"comment_status":"closed","ping_status":"closed","template":"","meta":{"site-sidebar-layout":"right-sidebar","site-content-layout":"default","ast-site-content-layout":"default","site-content-style":"default","site-sidebar-style":"default","ast-global-header-display":"","ast-banner-title-visibility":"","ast-main-header-display":"","ast-hfb-above-header-display":"","ast-hfb-below-header-display":"","ast-hfb-mobile-header-display":"","site-post-title":"","ast-breadcrumbs-content":"","ast-featured-img":"disabled","footer-sml-layout":"","ast-disable-related-posts":"","theme-transparent-header-meta":"","adv-header-id-meta":"","stick-header-meta":"","header-above-stick-meta":"","header-main-stick-meta":"","header-below-stick-meta":"","astra-migrate-meta-layouts":"default","ast-page-background-enabled":"default","ast-page-background-meta":{"desktop":{"background-color":"","background-image":"","background-repeat":"repeat","background-position":"center center","background-size":"auto","background-attachment":"scroll","background-type":"","background-media":"","overlay-type":"","overlay-color":"","overlay-opacity":"","overlay-gradient":""},"tablet":{"background-color":"","background-image":"","background-repeat":"repeat","background-position":"center center","background-size":"auto","background-attachment":"scroll","background-type":"","background-media":"","overlay-type":"","overlay-color":"","overlay-opacity":"","overlay-gradient":""},"mobile":{"background-color":"","background-image":"","background-repeat":"repeat","background-position":"center center","background-size":"auto","background-attachment":"scroll","background-type":"","background-media":"","overlay-type":"","overlay-color":"","overlay-opacity":"","overlay-gradient":""}},"ast-content-background-meta":{"desktop":{"background-color":"var(--ast-global-color-5)","background-image":"","background-repeat":"repeat","background-position":"center center","background-size":"auto","background-attachment":"scroll","background-type":"","background-media":"","overlay-type":"","overlay-color":"","overlay-opacity":"","overlay-gradient":""},"tablet":{"background-color":"var(--ast-global-color-5)","background-image":"","background-repeat":"repeat","background-position":"center center","background-size":"auto","background-attachment":"scroll","background-type":"","background-media":"","overlay-type":"","overlay-color":"","overlay-opacity":"","overlay-gradient":""},"mobile":{"background-color":"var(--ast-global-color-5)","background-image":"","background-repeat":"repeat","background-position":"center center","background-size":"auto","background-attachment":"scroll","background-type":"","background-media":"","overlay-type":"","overlay-color":"","overlay-opacity":"","overlay-gradient":""}},"footnotes":""},"class_list":["post-3682","page","type-page","status-publish","hentry"],"_links":{"self":[{"href":"https:\/\/antichefamiglietoscane.com\/it\/wp-json\/wp\/v2\/pages\/3682","targetHints":{"allow":["GET"]}}],"collection":[{"href":"https:\/\/antichefamiglietoscane.com\/it\/wp-json\/wp\/v2\/pages"}],"about":[{"href":"https:\/\/antichefamiglietoscane.com\/it\/wp-json\/wp\/v2\/types\/page"}],"author":[{"embeddable":true,"href":"https:\/\/antichefamiglietoscane.com\/it\/wp-json\/wp\/v2\/users\/1"}],"replies":[{"embeddable":true,"href":"https:\/\/antichefamiglietoscane.com\/it\/wp-json\/wp\/v2\/comments?post=3682"}],"version-history":[{"count":1,"href":"https:\/\/antichefamiglietoscane.com\/it\/wp-json\/wp\/v2\/pages\/3682\/revisions"}],"predecessor-version":[{"id":3683,"href":"https:\/\/antichefamiglietoscane.com\/it\/wp-json\/wp\/v2\/pages\/3682\/revisions\/3683"}],"wp:attachment":[{"href":"https:\/\/antichefamiglietoscane.com\/it\/wp-json\/wp\/v2\/media?parent=3682"}],"curies":[{"name":"wp","href":"https:\/\/api.w.org\/{rel}","templated":true}]}}