{"id":3678,"date":"2018-06-15T13:01:14","date_gmt":"2018-06-15T11:01:14","guid":{"rendered":"https:\/\/antichefamiglietoscane.com\/fattoria-dei-cavaglioni-siena\/"},"modified":"2024-08-19T12:29:51","modified_gmt":"2024-08-19T10:29:51","slug":"fattoria-dei-cavaglioni-siena","status":"publish","type":"page","link":"https:\/\/antichefamiglietoscane.com\/it\/fattoria-dei-cavaglioni-siena\/","title":{"rendered":"Fattoria dei Cavaglioni &#8211; Siena"},"content":{"rendered":"\n<figure class=\"wp-block-image alignleft size-medium\"><a href=\"https:\/\/antichefamiglietoscane.com\/wp-content\/uploads\/2023\/07\/DJI_0098.jpg\"><img loading=\"lazy\" decoding=\"async\" width=\"300\" height=\"225\" src=\"https:\/\/antichefamiglietoscane.com\/wp-content\/uploads\/2023\/07\/DJI_0098-300x225.jpg\" alt=\"\" class=\"wp-image-4361\" srcset=\"https:\/\/antichefamiglietoscane.com\/wp-content\/uploads\/2023\/07\/DJI_0098-300x225.jpg 300w, https:\/\/antichefamiglietoscane.com\/wp-content\/uploads\/2023\/07\/DJI_0098-1024x768.jpg 1024w, https:\/\/antichefamiglietoscane.com\/wp-content\/uploads\/2023\/07\/DJI_0098-768x576.jpg 768w, https:\/\/antichefamiglietoscane.com\/wp-content\/uploads\/2023\/07\/DJI_0098-600x450.jpg 600w, https:\/\/antichefamiglietoscane.com\/wp-content\/uploads\/2023\/07\/DJI_0098.jpg 1200w\" sizes=\"auto, (max-width: 300px) 100vw, 300px\" \/><\/a><figcaption class=\"wp-element-caption\">Villa Cavaglioni<\/figcaption><\/figure>\n\n<p>Questa grande azienda agricola \u00e8 immersa in un parco recintato ai margini del fiorente paesino di San Rocco (15 minuti dal centro di Siena) e si estende fino alla ricca valle della Val di Merse. Il paesaggio che circonda la fattoria \u00e8 uno dei pi\u00f9 spirituali e sereni di Siena: piccoli boschi e cipressi si alternano a prati e campi. La Villa monumentale domina il territorio e testimonia la sua importanza storica attraverso il Rinascimento e l&#8217;epoca napoleonica. Antiche mura racchiudono questo edificio in un&#8217;area tranquilla, con un bel giardino, un orto e negozi agricoli. I cottage si trovano di fronte alla Villa: antiche case coloniche dalla tipica architettura toscana. Il <b>Colombaio<\/b>, \u00e8 un borgo medievale dove si trova l&#8217;appartamento indipendente Il Serravalle; da qui si gode di una bella vista sulla campagna e sull&#8217;area verde per gli ospiti illimitata. \u00c8 possibile vedere la vita di campagna che si svolge ancora nei campi, insieme alla vita selvatica indisturbata lungo gli stagni e i boschi. Immerso nella campagna ma comodamente vicino al paese e a soli 9 km dal centro di Siena! Un luogo ideale per le vostre vacanze culturali e di campagna.<\/p>\n\n<p>In una delle zone pi\u00f9 belle della <b>Toscana,<\/b> questo agriturismo offre un&#8217;immersione nella nostra storia, cultura e tradizioni. <b>Siena<\/b> \u00e8 un&#8217;imponente citt\u00e0 d&#8217;arte, paragonabile a Roma, Firenze e Venezia come ricchezza culturale. Siena ha un &#8220;fascino&#8221; per ogni stagione, e in estate si svolge la tradizionale corsa dei cavalli, il <strong>Palio<\/strong>. I dintorni di Siena offrono una grande variet\u00e0 di paesaggi, dal mare alla montagna, dai boschi selvaggi alle citt\u00e0 antiche: vivrai la massima fusione tra civilt\u00e0 antica e pensiero moderno. <strong>San Rocco a Pilli<\/strong> ha tutto ci\u00f2 che ti serve: 2 banche, tutti i negozi necessari, un mercato e un ristorante tradizionale, oltre alla &#8220;pizzeria&#8221;. L&#8217;autobus per Siena passa ogni 30 minuti.<\/p>\n\n<h6 class=\"wp-block-heading\">Dove si trova&#8230;<\/h6>\n\n<h6 class=\"wp-block-heading\">Come raggiungerci<\/h6>\n\n<p>Cavaglioni si trova a 9 km a sud di Siena. Da qui sono facilmente raggiungibili tutti i luoghi pi\u00f9 importanti da visitare: San Gimignano, Montalcino, Firenze, il Chianti e tutte le zone pi\u00f9 importanti per il vino e l&#8217;olio. La posizione \u00e8 strategica per raggiungere tutti i luoghi del centro Italia che visiterete durante le vostre vacanze.<\/p>\n\n<p><strong>Per raggiungere l&#8217;Azienda Agricola Cavaglioni<\/strong> si percorre la strada SS. 223 da Siena, direzione Grosseto. Dopo 9 km uscire a San Rocco a Pilli. Dopo 1 km svoltare a sinistra in Via del Poggetto; l&#8217;ingresso \u00e8 il primo cancello sulla sinistra.<\/p>\n\n<h6 class=\"wp-block-heading\">Citt\u00e0 e mobilit\u00e0<\/h6>\n\n<h6 class=\"wp-block-heading\">Servizi locali<\/h6>\n\n<ul class=\"wp-block-list\">\n<li>Siena: 9 Km<\/li>\n\n\n\n<li>Firenze: 65 Km<\/li>\n\n\n\n<li>Roma: 270 Km<\/li>\n\n\n\n<li>Aeroporti: a Firenze, Pisa e Roma<\/li>\n\n\n\n<li>Stazione ferroviaria (Siena): 10 Km<\/li>\n\n\n\n<li>Fermata dell&#8217;autobus: 50 m.<\/li>\n\n\n\n<li>Autostrada A1: 65 Km<\/li>\n\n\n\n<li>Strada Siena-Grosseto (SS 223): 1 Km<\/li>\n<\/ul>\n\n<ul class=\"wp-block-list\">\n<li>Negozi: 100 m<\/li>\n\n\n\n<li>Supermercato: 200 m<\/li>\n\n\n\n<li>Piscina: in Fattoria<\/li>\n\n\n\n<li>Golf: 1 Km<\/li>\n\n\n\n<li>Tennis: 9 Km<\/li>\n\n\n\n<li>Cavalli: 2 Km<\/li>\n\n\n\n<li>Pesca: 1 Km<\/li>\n\n\n\n<li>Prodotti tipici: in azienda<\/li>\n\n\n\n<li>Ospedale: 10 Km<\/li>\n<\/ul>\n\n","protected":false},"excerpt":{"rendered":"<p>Questa grande azienda agricola \u00e8 immersa in un parco recintato ai margini del fiorente paesino di San Rocco (15 minuti dal centro di Siena) e si estende fino alla ricca valle della Val di Merse. Il paesaggio che circonda la fattoria \u00e8 uno dei pi\u00f9 spirituali e sereni di Siena: piccoli boschi e cipressi si [&hellip;]<\/p>\n","protected":false},"author":1,"featured_media":0,"parent":0,"menu_order":0,"comment_status":"closed","ping_status":"closed","template":"","meta":{"site-sidebar-layout":"right-sidebar","site-content-layout":"default","ast-site-content-layout":"default","site-content-style":"default","site-sidebar-style":"default","ast-global-header-display":"","ast-banner-title-visibility":"","ast-main-header-display":"","ast-hfb-above-header-display":"","ast-hfb-below-header-display":"","ast-hfb-mobile-header-display":"","site-post-title":"","ast-breadcrumbs-content":"","ast-featured-img":"disabled","footer-sml-layout":"","ast-disable-related-posts":"","theme-transparent-header-meta":"","adv-header-id-meta":"","stick-header-meta":"","header-above-stick-meta":"","header-main-stick-meta":"","header-below-stick-meta":"","astra-migrate-meta-layouts":"default","ast-page-background-enabled":"default","ast-page-background-meta":{"desktop":{"background-color":"","background-image":"","background-repeat":"repeat","background-position":"center center","background-size":"auto","background-attachment":"scroll","background-type":"","background-media":"","overlay-type":"","overlay-color":"","overlay-opacity":"","overlay-gradient":""},"tablet":{"background-color":"","background-image":"","background-repeat":"repeat","background-position":"center center","background-size":"auto","background-attachment":"scroll","background-type":"","background-media":"","overlay-type":"","overlay-color":"","overlay-opacity":"","overlay-gradient":""},"mobile":{"background-color":"","background-image":"","background-repeat":"repeat","background-position":"center center","background-size":"auto","background-attachment":"scroll","background-type":"","background-media":"","overlay-type":"","overlay-color":"","overlay-opacity":"","overlay-gradient":""}},"ast-content-background-meta":{"desktop":{"background-color":"var(--ast-global-color-5)","background-image":"","background-repeat":"repeat","background-position":"center center","background-size":"auto","background-attachment":"scroll","background-type":"","background-media":"","overlay-type":"","overlay-color":"","overlay-opacity":"","overlay-gradient":""},"tablet":{"background-color":"var(--ast-global-color-5)","background-image":"","background-repeat":"repeat","background-position":"center center","background-size":"auto","background-attachment":"scroll","background-type":"","background-media":"","overlay-type":"","overlay-color":"","overlay-opacity":"","overlay-gradient":""},"mobile":{"background-color":"var(--ast-global-color-5)","background-image":"","background-repeat":"repeat","background-position":"center center","background-size":"auto","background-attachment":"scroll","background-type":"","background-media":"","overlay-type":"","overlay-color":"","overlay-opacity":"","overlay-gradient":""}},"footnotes":""},"class_list":["post-3678","page","type-page","status-publish","hentry"],"_links":{"self":[{"href":"https:\/\/antichefamiglietoscane.com\/it\/wp-json\/wp\/v2\/pages\/3678","targetHints":{"allow":["GET"]}}],"collection":[{"href":"https:\/\/antichefamiglietoscane.com\/it\/wp-json\/wp\/v2\/pages"}],"about":[{"href":"https:\/\/antichefamiglietoscane.com\/it\/wp-json\/wp\/v2\/types\/page"}],"author":[{"embeddable":true,"href":"https:\/\/antichefamiglietoscane.com\/it\/wp-json\/wp\/v2\/users\/1"}],"replies":[{"embeddable":true,"href":"https:\/\/antichefamiglietoscane.com\/it\/wp-json\/wp\/v2\/comments?post=3678"}],"version-history":[{"count":4,"href":"https:\/\/antichefamiglietoscane.com\/it\/wp-json\/wp\/v2\/pages\/3678\/revisions"}],"predecessor-version":[{"id":4839,"href":"https:\/\/antichefamiglietoscane.com\/it\/wp-json\/wp\/v2\/pages\/3678\/revisions\/4839"}],"wp:attachment":[{"href":"https:\/\/antichefamiglietoscane.com\/it\/wp-json\/wp\/v2\/media?parent=3678"}],"curies":[{"name":"wp","href":"https:\/\/api.w.org\/{rel}","templated":true}]}}