{"id":4751,"date":"2024-04-28T20:28:12","date_gmt":"2024-04-28T18:28:12","guid":{"rendered":"https:\/\/antichefamiglietoscane.com\/accommodations\/initiation-aux-techniques-de-degustation-des-vins-et-cours-de-cuisine-sur-les-plats-associes-aux-vins-naturels-etudies\/"},"modified":"2024-05-03T11:19:56","modified_gmt":"2024-05-03T09:19:56","slug":"initiation-aux-techniques-de-degustation-des-vins-et-cours-de-cuisine-sur-les-plats-associes-aux-vins-naturels-etudies","status":"publish","type":"product","link":"https:\/\/antichefamiglietoscane.com\/fr\/accommodations\/initiation-aux-techniques-de-degustation-des-vins-et-cours-de-cuisine-sur-les-plats-associes-aux-vins-naturels-etudies\/","title":{"rendered":"Initiation aux techniques de d\u00e9gustation de vins et cours de cuisine"},"content":{"rendered":"<h3><strong>Programme des activit\u00e9s :<\/strong><\/h3>\n<p>L&#8217;<em>APR\u00c8S-MIDI ET LE SOIR <\/em>(18H00 &#8211; 22H00)<\/p>\n<ul>\n<li><strong>Bienvenue \u00e0<\/strong> la ferme Cavaglioni et br\u00e8ve visite de notre cave historique avec une introduction aux techniques de production de vin naturel.<\/li>\n<li><strong>Introduction aux techniques de d\u00e9gustation du vin<\/strong>: Votre cours commence dans notre Wine Shop and Bar, avec une introduction \u00e0 la compr\u00e9hension des vins, particuli\u00e8rement ax\u00e9e sur le monde des vins naturels.<\/li>\n<li><strong>D\u00e9gustation guid\u00e9e<\/strong> de quelques-uns de nos vins, accompagn\u00e9e d&#8217;une entr\u00e9e traditionnelle &#8220;pane e prosciutto&#8221;. Un m\u00e9lange de techniques de d\u00e9gustation et de &#8220;merenda&#8221; familiale traditionnelle<\/li>\n<li><strong>Cours de cuisine<\/strong> sur la pr\u00e9paration de tous les plats du d\u00eener suivant avec le chef Gregorio Galli et son \u00e9quipe.<\/li>\n<li><strong>D\u00eener :<\/strong> vos p\u00e2tes faites \u00e0 la main, un plat principal et un dessert avec un accord avec les vins naturels de Palazzo di Piero et de l&#8217;exploitation agricole Cavaglioni, cr\u00e9\u00e9s par Gregorio Galli.<\/li>\n<\/ul>\n<p><strong>O\u00f9<\/strong> dormir : le meilleur endroit pour dormir est dans notre <a href=\"https:\/\/antichefamiglietoscane.com\/fr\/accommodations\/cavaglioni-mansion-bb\/\">B&amp;B \u00e0 Cavaglioni Mansion<\/a>, juste en face de Ocio Giulivo, o\u00f9 le cours aura lieu.<\/p>\n<p><strong>Lieu du cours<\/strong>: \u00e0 la campagne puis au <a href=\"https:\/\/www.ociogiulivo.com\/\" target=\"_blank\" rel=\"noopener\">restaurant L&#8217;Ocio Giulivo Agri<\/a><\/p>\n<p><strong>Langue<\/strong>: anglais ou italien selon la composition de la classe<\/p>\n<p>\u00c0 qui s&#8217;adresse ce <strong>programme<\/strong>? Les personnes ayant l&#8217;\u00e2ge l\u00e9gal de consommer de l&#8217;alcool (16 ans en Italie) qui appr\u00e9cient le vin et la bonne cuisine.<\/p>\n<p><strong>Niveau de difficult\u00e9<\/strong>: facile<\/p>\n<p><strong>Dur\u00e9e de la<\/strong> visite : 4 heures<\/p>\n<p><strong>Code vestimentaire<\/strong>: aucun<\/p>\n<p><strong>Groupes<\/strong>: Minimum 2 personnes, maximum 10 personnes ; le groupe peut \u00eatre form\u00e9 avec d&#8217;autres \u00e9tudiants.<\/p>\n<p><strong>Politique d&#8217;annulation<\/strong>: vous paierez 100 % si la r\u00e9servation est annul\u00e9e 7 jours ou moins avant l&#8217;\u00e9v\u00e9nement, sinon tout le montant sera rembours\u00e9, \u00e0 l&#8217;exception des frais de carte de cr\u00e9dit.<\/p>\n<p>&nbsp;<\/p>\n","protected":false},"excerpt":{"rendered":"<p>Initiation aux techniques de d\u00e9gustation des vins et cours de cuisine sur les plats associ\u00e9s aux vins naturels \u00e9tudi\u00e9s. Min. 2 personnes<\/p>\n","protected":false},"featured_media":4755,"template":"","meta":{"site-sidebar-layout":"default","site-content-layout":"","ast-site-content-layout":"default","site-content-style":"default","site-sidebar-style":"default","ast-global-header-display":"","ast-banner-title-visibility":"","ast-main-header-display":"","ast-hfb-above-header-display":"","ast-hfb-below-header-display":"","ast-hfb-mobile-header-display":"","site-post-title":"","ast-breadcrumbs-content":"","ast-featured-img":"","footer-sml-layout":"","ast-disable-related-posts":"","theme-transparent-header-meta":"default","adv-header-id-meta":"","stick-header-meta":"","header-above-stick-meta":"","header-main-stick-meta":"","header-below-stick-meta":"","astra-migrate-meta-layouts":"default","ast-page-background-enabled":"default","ast-page-background-meta":{"desktop":{"background-color":"","background-image":"","background-repeat":"repeat","background-position":"center center","background-size":"auto","background-attachment":"scroll","background-type":"","background-media":"","overlay-type":"","overlay-color":"","overlay-opacity":"","overlay-gradient":""},"tablet":{"background-color":"","background-image":"","background-repeat":"repeat","background-position":"center center","background-size":"auto","background-attachment":"scroll","background-type":"","background-media":"","overlay-type":"","overlay-color":"","overlay-opacity":"","overlay-gradient":""},"mobile":{"background-color":"","background-image":"","background-repeat":"repeat","background-position":"center center","background-size":"auto","background-attachment":"scroll","background-type":"","background-media":"","overlay-type":"","overlay-color":"","overlay-opacity":"","overlay-gradient":""}},"ast-content-background-meta":{"desktop":{"background-color":"var(--ast-global-color-5)","background-image":"","background-repeat":"repeat","background-position":"center center","background-size":"auto","background-attachment":"scroll","background-type":"","background-media":"","overlay-type":"","overlay-color":"","overlay-opacity":"","overlay-gradient":""},"tablet":{"background-color":"var(--ast-global-color-5)","background-image":"","background-repeat":"repeat","background-position":"center center","background-size":"auto","background-attachment":"scroll","background-type":"","background-media":"","overlay-type":"","overlay-color":"","overlay-opacity":"","overlay-gradient":""},"mobile":{"background-color":"var(--ast-global-color-5)","background-image":"","background-repeat":"repeat","background-position":"center center","background-size":"auto","background-attachment":"scroll","background-type":"","background-media":"","overlay-type":"","overlay-color":"","overlay-opacity":"","overlay-gradient":""}}},"product_brand":[],"product_cat":[688],"product_tag":[],"class_list":{"0":"post-4751","1":"product","2":"type-product","3":"status-publish","4":"has-post-thumbnail","6":"product_cat-cours-de-cuisine-et-experiences","7":"desktop-align-center","8":"tablet-align-left","9":"mobile-align-left","11":"first","12":"instock","13":"virtual","14":"sold-individually","15":"purchasable","16":"product-type-booking"},"_links":{"self":[{"href":"https:\/\/antichefamiglietoscane.com\/fr\/wp-json\/wp\/v2\/product\/4751","targetHints":{"allow":["GET"]}}],"collection":[{"href":"https:\/\/antichefamiglietoscane.com\/fr\/wp-json\/wp\/v2\/product"}],"about":[{"href":"https:\/\/antichefamiglietoscane.com\/fr\/wp-json\/wp\/v2\/types\/product"}],"wp:featuredmedia":[{"embeddable":true,"href":"https:\/\/antichefamiglietoscane.com\/fr\/wp-json\/wp\/v2\/media\/4755"}],"wp:attachment":[{"href":"https:\/\/antichefamiglietoscane.com\/fr\/wp-json\/wp\/v2\/media?parent=4751"}],"wp:term":[{"taxonomy":"product_brand","embeddable":true,"href":"https:\/\/antichefamiglietoscane.com\/fr\/wp-json\/wp\/v2\/product_brand?post=4751"},{"taxonomy":"product_cat","embeddable":true,"href":"https:\/\/antichefamiglietoscane.com\/fr\/wp-json\/wp\/v2\/product_cat?post=4751"},{"taxonomy":"product_tag","embeddable":true,"href":"https:\/\/antichefamiglietoscane.com\/fr\/wp-json\/wp\/v2\/product_tag?post=4751"}],"curies":[{"name":"wp","href":"https:\/\/api.w.org\/{rel}","templated":true}]}}