{"id":4724,"date":"2024-04-27T11:20:32","date_gmt":"2024-04-27T09:20:32","guid":{"rendered":"https:\/\/antichefamiglietoscane.com\/?post_type=product&#038;p=4724"},"modified":"2024-05-03T11:18:45","modified_gmt":"2024-05-03T09:18:45","slug":"chasse-aux-truffes-et-cours-de-cuisine","status":"publish","type":"product","link":"https:\/\/antichefamiglietoscane.com\/fr\/accommodations\/chasse-aux-truffes-et-cours-de-cuisine\/","title":{"rendered":"Chasse aux truffes et cours de cuisine"},"content":{"rendered":"<h3><strong>Programme des activit\u00e9s :<\/strong><\/h3>\n<p><em>LE MATIN<\/em> (10H00 &#8211; 15H00)<\/p>\n<ul>\n<li><strong>Chasse aux truffes<\/strong>: votre exp\u00e9rience commence dans l&#8217;un des lieux o\u00f9 nous avons l&#8217;habitude de chasser nos truffes, avec le chasseur de truffes et ses chiens, \u00e0 l&#8217;int\u00e9rieur ou \u00e0 proximit\u00e9 de la ferme de Cavaglioni (dur\u00e9e d&#8217;une heure \u00e0 une heure et demie).<\/li>\n<li><strong>En-cas traditionnel l\u00e9ger<\/strong> avec &#8220;pane e prosciutto&#8221; et court repos avant le cours de cuisine.<\/li>\n<li><strong>Cours de cuisine<\/strong> sur la pr\u00e9paration de tous les plats du d\u00e9jeuner suivant avec le chef Gregorio Galli et son \u00e9quipe<\/li>\n<li><strong>D\u00e9jeuner :<\/strong> vos p\u00e2tes faites \u00e0 la main, un plat principal et un dessert avec un accord avec les vins naturels de Palazzo di Piero et de l&#8217;exploitation agricole Cavaglioni, cr\u00e9\u00e9s par Gregorio Galli.<\/li>\n<li>Si vous avez le temps, vous pouvez vous <strong>reposer<\/strong> dans notre piscine naturelle et vous promener dans nos jardins, visiter notre cave historique.<\/li>\n<\/ul>\n<p><strong>O\u00f9<\/strong> dormir : le meilleur endroit pour dormir est dans notre <a href=\"https:\/\/antichefamiglietoscane.com\/fr\/accommodations\/cavaglioni-mansion-bb\/\">B&amp;B \u00e0 Cavaglioni Mansion<\/a>, juste en face de Ocio Giulivo, o\u00f9 le cours aura lieu.<\/p>\n<p><strong>Lieu du cours<\/strong>: \u00e0 la campagne puis au <a href=\"https:\/\/www.ociogiulivo.com\/\" target=\"_blank\" rel=\"noopener\">restaurant L&#8217;Ocio Giulivo Agri<\/a><\/p>\n<p><strong>Langue<\/strong>: anglais ou italien selon la composition de la classe<\/p>\n<p><strong>Suspension<\/strong>: en mai, la chasse aux truffes est suspendue dans toute la Toscane, ce qui signifie que ce cours est \u00e9galement suspendu pendant ce mois.<\/p>\n<p><strong>\u00c0 qui<\/strong> s&#8217;adresse-t-il ? Tous ceux qui aiment la vie en plein air et la bonne cuisine.<\/p>\n<p><strong>Niveau de difficult\u00e9<\/strong>: facile<\/p>\n<p><strong>Dur\u00e9e du<\/strong> s\u00e9jour : 5 heures<\/p>\n<p><strong>Code vestimentaire<\/strong>: Chaussures confortables (!!important !!), chapeau ou parapluie selon le temps.<\/p>\n<p><strong>Groupes<\/strong>: Minimum 2 personnes, maximum 10 personnes ; le groupe peut \u00eatre form\u00e9 avec d&#8217;autres \u00e9tudiants.<\/p>\n<p><strong>Politique d&#8217;annulation<\/strong>: vous paierez 100 % si la r\u00e9servation est annul\u00e9e 7 jours ou moins avant l&#8217;\u00e9v\u00e9nement, sinon tout le montant sera rembours\u00e9, \u00e0 l&#8217;exception des frais de carte de cr\u00e9dit.<\/p>\n<p>&nbsp;<\/p>\n","protected":false},"excerpt":{"rendered":"<p>Chasse aux truffes avec un chasseur de truffes expert et ses chiens et cours de cuisine avec le chef Gregorio Galli. Min. 2 personnes<\/p>\n","protected":false},"featured_media":4727,"template":"","meta":{"site-sidebar-layout":"default","site-content-layout":"","ast-site-content-layout":"default","site-content-style":"default","site-sidebar-style":"default","ast-global-header-display":"","ast-banner-title-visibility":"","ast-main-header-display":"","ast-hfb-above-header-display":"","ast-hfb-below-header-display":"","ast-hfb-mobile-header-display":"","site-post-title":"","ast-breadcrumbs-content":"","ast-featured-img":"","footer-sml-layout":"","ast-disable-related-posts":"","theme-transparent-header-meta":"default","adv-header-id-meta":"","stick-header-meta":"","header-above-stick-meta":"","header-main-stick-meta":"","header-below-stick-meta":"","astra-migrate-meta-layouts":"set","ast-page-background-enabled":"default","ast-page-background-meta":{"desktop":{"background-color":"","background-image":"","background-repeat":"repeat","background-position":"center center","background-size":"auto","background-attachment":"scroll","background-type":"","background-media":"","overlay-type":"","overlay-color":"","overlay-opacity":"","overlay-gradient":""},"tablet":{"background-color":"","background-image":"","background-repeat":"repeat","background-position":"center center","background-size":"auto","background-attachment":"scroll","background-type":"","background-media":"","overlay-type":"","overlay-color":"","overlay-opacity":"","overlay-gradient":""},"mobile":{"background-color":"","background-image":"","background-repeat":"repeat","background-position":"center center","background-size":"auto","background-attachment":"scroll","background-type":"","background-media":"","overlay-type":"","overlay-color":"","overlay-opacity":"","overlay-gradient":""}},"ast-content-background-meta":{"desktop":{"background-color":"var(--ast-global-color-5)","background-image":"","background-repeat":"repeat","background-position":"center center","background-size":"auto","background-attachment":"scroll","background-type":"","background-media":"","overlay-type":"","overlay-color":"","overlay-opacity":"","overlay-gradient":""},"tablet":{"background-color":"var(--ast-global-color-5)","background-image":"","background-repeat":"repeat","background-position":"center center","background-size":"auto","background-attachment":"scroll","background-type":"","background-media":"","overlay-type":"","overlay-color":"","overlay-opacity":"","overlay-gradient":""},"mobile":{"background-color":"var(--ast-global-color-5)","background-image":"","background-repeat":"repeat","background-position":"center center","background-size":"auto","background-attachment":"scroll","background-type":"","background-media":"","overlay-type":"","overlay-color":"","overlay-opacity":"","overlay-gradient":""}}},"product_brand":[],"product_cat":[688],"product_tag":[],"class_list":{"0":"post-4724","1":"product","2":"type-product","3":"status-publish","4":"has-post-thumbnail","6":"product_cat-cours-de-cuisine-et-experiences","7":"desktop-align-center","8":"tablet-align-left","9":"mobile-align-left","11":"first","12":"instock","13":"virtual","14":"sold-individually","15":"purchasable","16":"product-type-booking"},"_links":{"self":[{"href":"https:\/\/antichefamiglietoscane.com\/fr\/wp-json\/wp\/v2\/product\/4724","targetHints":{"allow":["GET"]}}],"collection":[{"href":"https:\/\/antichefamiglietoscane.com\/fr\/wp-json\/wp\/v2\/product"}],"about":[{"href":"https:\/\/antichefamiglietoscane.com\/fr\/wp-json\/wp\/v2\/types\/product"}],"wp:featuredmedia":[{"embeddable":true,"href":"https:\/\/antichefamiglietoscane.com\/fr\/wp-json\/wp\/v2\/media\/4727"}],"wp:attachment":[{"href":"https:\/\/antichefamiglietoscane.com\/fr\/wp-json\/wp\/v2\/media?parent=4724"}],"wp:term":[{"taxonomy":"product_brand","embeddable":true,"href":"https:\/\/antichefamiglietoscane.com\/fr\/wp-json\/wp\/v2\/product_brand?post=4724"},{"taxonomy":"product_cat","embeddable":true,"href":"https:\/\/antichefamiglietoscane.com\/fr\/wp-json\/wp\/v2\/product_cat?post=4724"},{"taxonomy":"product_tag","embeddable":true,"href":"https:\/\/antichefamiglietoscane.com\/fr\/wp-json\/wp\/v2\/product_tag?post=4724"}],"curies":[{"name":"wp","href":"https:\/\/api.w.org\/{rel}","templated":true}]}}