{"id":3734,"date":"2023-07-21T08:54:01","date_gmt":"2023-07-21T06:54:01","guid":{"rendered":"https:\/\/antichefamiglietoscane.com\/accommodations\/cavaglioni-mansion-bb\/"},"modified":"2024-04-28T10:29:36","modified_gmt":"2024-04-28T08:29:36","slug":"cavaglioni-mansion-bb","status":"publish","type":"product","link":"https:\/\/antichefamiglietoscane.com\/fr\/accommodations\/cavaglioni-mansion-bb\/","title":{"rendered":"Cavaglioni Mansion BndB"},"content":{"rendered":"<p>Le manoir est un beau b\u00e2timent monumental construit \u00e0 partir de la forteresse d&#8217;origine du XIVe si\u00e8cle et surplombant la vall\u00e9e verdoyante de la ferme de Cavaglioni. La Villa est souvent pr\u00e9sente dans les publications sur les Villas en Toscane, \u00e0 cause du jardin et des chambres peintes. Il appartient \u00e0 notre famille depuis le XIXe si\u00e8cle. La maison conserve encore intacts les meubles et les peintures d&#8217;origine. Hospitalit\u00e9 dans des chambres au 2\u00e8me \u00e9tage, certaines avec air conditionn\u00e9. \u00c0 l&#8217;ext\u00e9rieur, vous pouvez passer votre temps dans les grands espaces verts et le jardin, nager dans notre fantastique piscine naturelle ou dans la piscine conventionnelle, vous promener dans la ferme et d\u00e9guster nos vins naturels. Tr\u00e8s proche des lieux les plus c\u00e9l\u00e8bres de Toscane comme Montalcino et San Gimignano, pour le vin, les vacances culturelles, etc. De plus, il y a plusieurs activit\u00e9s \u00e0 proximit\u00e9, comme un grand terrain de golf \u00e0 5 minutes, des eaux thermales \u00e0 20 minutes, la ville de Sienne \u00e0 10 minutes.<\/p>\n<div class=\"n2_ss_slider_publish__option_code\" dir=\"ltr\" data-mode=\"id\"><\/div>\n\n","protected":false},"excerpt":{"rendered":"<p>Dormez dans notre chambre d&#8217;h\u00f4tes et profitez de notre piscine naturelle pour vous immerger dans la campagne toscane. Juste en face de notre restaurant bien connu L&#8217;Ocio Giulivo.<\/p>\n","protected":false},"featured_media":2826,"template":"","meta":{"site-sidebar-layout":"default","site-content-layout":"default","ast-site-content-layout":"default","site-content-style":"default","site-sidebar-style":"default","ast-global-header-display":"","ast-banner-title-visibility":"","ast-main-header-display":"","ast-hfb-above-header-display":"","ast-hfb-below-header-display":"","ast-hfb-mobile-header-display":"","site-post-title":"","ast-breadcrumbs-content":"","ast-featured-img":"","footer-sml-layout":"","ast-disable-related-posts":"","theme-transparent-header-meta":"default","adv-header-id-meta":"","stick-header-meta":"","header-above-stick-meta":"","header-main-stick-meta":"","header-below-stick-meta":"","astra-migrate-meta-layouts":"default","ast-page-background-enabled":"default","ast-page-background-meta":{"desktop":{"background-color":"","background-image":"","background-repeat":"repeat","background-position":"center center","background-size":"auto","background-attachment":"scroll","background-type":"","background-media":"","overlay-type":"","overlay-color":"","overlay-opacity":"","overlay-gradient":""},"tablet":{"background-color":"","background-image":"","background-repeat":"repeat","background-position":"center center","background-size":"auto","background-attachment":"scroll","background-type":"","background-media":"","overlay-type":"","overlay-color":"","overlay-opacity":"","overlay-gradient":""},"mobile":{"background-color":"","background-image":"","background-repeat":"repeat","background-position":"center center","background-size":"auto","background-attachment":"scroll","background-type":"","background-media":"","overlay-type":"","overlay-color":"","overlay-opacity":"","overlay-gradient":""}},"ast-content-background-meta":{"desktop":{"background-color":"var(--ast-global-color-5)","background-image":"","background-repeat":"repeat","background-position":"center center","background-size":"auto","background-attachment":"scroll","background-type":"","background-media":"","overlay-type":"","overlay-color":"","overlay-opacity":"","overlay-gradient":""},"tablet":{"background-color":"var(--ast-global-color-5)","background-image":"","background-repeat":"repeat","background-position":"center center","background-size":"auto","background-attachment":"scroll","background-type":"","background-media":"","overlay-type":"","overlay-color":"","overlay-opacity":"","overlay-gradient":""},"mobile":{"background-color":"var(--ast-global-color-5)","background-image":"","background-repeat":"repeat","background-position":"center center","background-size":"auto","background-attachment":"scroll","background-type":"","background-media":"","overlay-type":"","overlay-color":"","overlay-opacity":"","overlay-gradient":""}}},"product_brand":[],"product_cat":[485,486,487,507],"product_tag":[528,546,547,534,537,535,536,531,516],"class_list":{"0":"post-3734","1":"product","2":"type-product","3":"status-publish","4":"has-post-thumbnail","6":"product_cat-chambres-dhotes","7":"product_cat-ferme-cavaglioni","8":"product_cat-villa-cavaglioni","9":"product_cat-villas-fr","10":"product_tag-10-lits-ou-plus","11":"product_tag-10-minutes-de-sienne-en-voiture","12":"product_tag-a-proximite-de-sienne","13":"product_tag-bb-fr","14":"product_tag-biopool-fr","15":"product_tag-chambres-a-coucher","16":"product_tag-hotel-fr","17":"product_tag-la-campagne-toscane","18":"product_tag-villas-fr","19":"desktop-align-center","20":"tablet-align-left","21":"mobile-align-left","23":"first","24":"outofstock","25":"featured","26":"shipping-taxable","27":"product-type-simple"},"_links":{"self":[{"href":"https:\/\/antichefamiglietoscane.com\/fr\/wp-json\/wp\/v2\/product\/3734","targetHints":{"allow":["GET"]}}],"collection":[{"href":"https:\/\/antichefamiglietoscane.com\/fr\/wp-json\/wp\/v2\/product"}],"about":[{"href":"https:\/\/antichefamiglietoscane.com\/fr\/wp-json\/wp\/v2\/types\/product"}],"wp:featuredmedia":[{"embeddable":true,"href":"https:\/\/antichefamiglietoscane.com\/fr\/wp-json\/wp\/v2\/media\/2826"}],"wp:attachment":[{"href":"https:\/\/antichefamiglietoscane.com\/fr\/wp-json\/wp\/v2\/media?parent=3734"}],"wp:term":[{"taxonomy":"product_brand","embeddable":true,"href":"https:\/\/antichefamiglietoscane.com\/fr\/wp-json\/wp\/v2\/product_brand?post=3734"},{"taxonomy":"product_cat","embeddable":true,"href":"https:\/\/antichefamiglietoscane.com\/fr\/wp-json\/wp\/v2\/product_cat?post=3734"},{"taxonomy":"product_tag","embeddable":true,"href":"https:\/\/antichefamiglietoscane.com\/fr\/wp-json\/wp\/v2\/product_tag?post=3734"}],"curies":[{"name":"wp","href":"https:\/\/api.w.org\/{rel}","templated":true}]}}