{"id":3701,"date":"2023-07-19T14:59:08","date_gmt":"2023-07-19T12:59:08","guid":{"rendered":"https:\/\/antichefamiglietoscane.com\/accommodations\/le-chateau-de-palazzo-di-piero-sienne\/"},"modified":"2024-04-28T10:33:26","modified_gmt":"2024-04-28T08:33:26","slug":"le-chateau-de-palazzo-di-piero-siena","status":"publish","type":"product","link":"https:\/\/antichefamiglietoscane.com\/fr\/accommodations\/le-chateau-de-palazzo-di-piero-siena\/","title":{"rendered":"Le ch\u00e2teau de Palazzo di Piero"},"content":{"rendered":"<p>Le ch\u00e2teau a \u00e9t\u00e9 fond\u00e9 en 1599 par Fabio Sozzi, un soldat de fortune de Toscane. L&#8217;ext\u00e9rieur est fait de briques et de travertin, l&#8217;int\u00e9rieur est d\u00e9cor\u00e9 dans le style antique de Sienne. L&#8217;int\u00e9rieur de la maison conserve l&#8217;atmosph\u00e8re de l&#8217;\u00e9poque ancienne. L&#8217;h\u00e9bergement est r\u00e9parti sur deux \u00e9tages et comprend trois chambres doubles, deux lits jumeaux, deux lits simples et quatre salles de bains. Les salons et la salle \u00e0 manger sont les signes d&#8217;excellence de cette ancienne r\u00e9sidence nobiliaire. Le grand parc du ch\u00e2teau, am\u00e9nag\u00e9 sur trois niveaux, est en partie un jardin \u00e0 l&#8217;italienne et en partie une collection d&#8217;arbres rares et exotiques. La campagne de la ferme s&#8217;\u00e9tend tout autour de ce b\u00e2timent central.<\/p>\n<h6>Structure<\/h6>\n<p><strong>A l&#8217;int\u00e9rieur<\/strong><\/p>\n<ul>\n<li>Cuisine<\/li>\n<li>Salle \u00e0 manger<\/li>\n<li>2 salon(s)<\/li>\n<li>2 salon(s)<\/li>\n<li>10 chambre(s)<\/li>\n<li>6 salle(s) de bain<\/li>\n<li>Chambres avec fresques<\/li>\n<\/ul>\n<p><strong>A l&#8217;ext\u00e9rieur<\/strong><\/p>\n<ul>\n<li>Piscine priv\u00e9e<\/li>\n<li>Jardin<\/li>\n<li>Grand parking<\/li>\n<li>2 loggia(s) \/ balcon(s)<\/li>\n<li>1 terrasse(s)<\/li>\n<li>Parc priv\u00e9 avec arbres exotiques et fontaines<\/li>\n<\/ul>\n<div class=\"n2_ss_slider_publish__option_code\" dir=\"ltr\" data-mode=\"id\"><\/div>\n<div dir=\"ltr\" data-mode=\"id\"><\/div>\n","protected":false},"excerpt":{"rendered":"<p>Le ch\u00e2teau de Palazzo di Piero, appel\u00e9 &#8220;Il Palazzo&#8221; par les habitants de la r\u00e9gion, est une maison \u00e9tonnante avec plusieurs chambres et beaucoup d&#8217;espace pour votre groupe.<\/p>\n","protected":false},"featured_media":4617,"template":"","meta":{"site-sidebar-layout":"default","site-content-layout":"default","ast-site-content-layout":"default","site-content-style":"default","site-sidebar-style":"default","ast-global-header-display":"","ast-banner-title-visibility":"","ast-main-header-display":"","ast-hfb-above-header-display":"","ast-hfb-below-header-display":"","ast-hfb-mobile-header-display":"","site-post-title":"","ast-breadcrumbs-content":"","ast-featured-img":"","footer-sml-layout":"","ast-disable-related-posts":"","theme-transparent-header-meta":"default","adv-header-id-meta":"","stick-header-meta":"","header-above-stick-meta":"","header-main-stick-meta":"","header-below-stick-meta":"","astra-migrate-meta-layouts":"default","ast-page-background-enabled":"default","ast-page-background-meta":{"desktop":{"background-color":"","background-image":"","background-repeat":"repeat","background-position":"center center","background-size":"auto","background-attachment":"scroll","background-type":"","background-media":"","overlay-type":"","overlay-color":"","overlay-opacity":"","overlay-gradient":""},"tablet":{"background-color":"","background-image":"","background-repeat":"repeat","background-position":"center center","background-size":"auto","background-attachment":"scroll","background-type":"","background-media":"","overlay-type":"","overlay-color":"","overlay-opacity":"","overlay-gradient":""},"mobile":{"background-color":"","background-image":"","background-repeat":"repeat","background-position":"center center","background-size":"auto","background-attachment":"scroll","background-type":"","background-media":"","overlay-type":"","overlay-color":"","overlay-opacity":"","overlay-gradient":""}},"ast-content-background-meta":{"desktop":{"background-color":"var(--ast-global-color-5)","background-image":"","background-repeat":"repeat","background-position":"center center","background-size":"auto","background-attachment":"scroll","background-type":"","background-media":"","overlay-type":"","overlay-color":"","overlay-opacity":"","overlay-gradient":""},"tablet":{"background-color":"var(--ast-global-color-5)","background-image":"","background-repeat":"repeat","background-position":"center center","background-size":"auto","background-attachment":"scroll","background-type":"","background-media":"","overlay-type":"","overlay-color":"","overlay-opacity":"","overlay-gradient":""},"mobile":{"background-color":"var(--ast-global-color-5)","background-image":"","background-repeat":"repeat","background-position":"center center","background-size":"auto","background-attachment":"scroll","background-type":"","background-media":"","overlay-type":"","overlay-color":"","overlay-opacity":"","overlay-gradient":""}}},"product_brand":[],"product_cat":[493,492,507],"product_tag":[528,543,518,529,531,495,516],"class_list":{"0":"post-3701","1":"product","2":"type-product","3":"status-publish","4":"has-post-thumbnail","6":"product_cat-ferme-palazzo-di-piero","7":"product_cat-location-de-gites-ruraux","8":"product_cat-villas-fr","9":"product_tag-10-lits-ou-plus","10":"product_tag-grande-piscine","11":"product_tag-grands-groupes","12":"product_tag-hebergement-de-prestige","13":"product_tag-la-campagne-toscane","14":"product_tag-restauration","15":"product_tag-villas-fr","16":"desktop-align-center","17":"tablet-align-left","18":"mobile-align-left","20":"first","21":"outofstock","22":"featured","23":"shipping-taxable","24":"product-type-simple"},"_links":{"self":[{"href":"https:\/\/antichefamiglietoscane.com\/fr\/wp-json\/wp\/v2\/product\/3701","targetHints":{"allow":["GET"]}}],"collection":[{"href":"https:\/\/antichefamiglietoscane.com\/fr\/wp-json\/wp\/v2\/product"}],"about":[{"href":"https:\/\/antichefamiglietoscane.com\/fr\/wp-json\/wp\/v2\/types\/product"}],"wp:featuredmedia":[{"embeddable":true,"href":"https:\/\/antichefamiglietoscane.com\/fr\/wp-json\/wp\/v2\/media\/4617"}],"wp:attachment":[{"href":"https:\/\/antichefamiglietoscane.com\/fr\/wp-json\/wp\/v2\/media?parent=3701"}],"wp:term":[{"taxonomy":"product_brand","embeddable":true,"href":"https:\/\/antichefamiglietoscane.com\/fr\/wp-json\/wp\/v2\/product_brand?post=3701"},{"taxonomy":"product_cat","embeddable":true,"href":"https:\/\/antichefamiglietoscane.com\/fr\/wp-json\/wp\/v2\/product_cat?post=3701"},{"taxonomy":"product_tag","embeddable":true,"href":"https:\/\/antichefamiglietoscane.com\/fr\/wp-json\/wp\/v2\/product_tag?post=3701"}],"curies":[{"name":"wp","href":"https:\/\/api.w.org\/{rel}","templated":true}]}}