{"id":3700,"date":"2023-07-19T15:01:01","date_gmt":"2023-07-19T13:01:01","guid":{"rendered":"https:\/\/antichefamiglietoscane.com\/accommodations\/casamora-au-bord-de-la-mer-en-toscane\/"},"modified":"2024-04-28T10:32:02","modified_gmt":"2024-04-28T08:32:02","slug":"casamora-on-tuscany-seaside","status":"publish","type":"product","link":"https:\/\/antichefamiglietoscane.com\/fr\/accommodations\/casamora-on-tuscany-seaside\/","title":{"rendered":"Casamora au bord de la mer en Toscane"},"content":{"rendered":"<p>Cette jolie villa est situ\u00e9e sur la plage, \u00e0 seulement 15 m\u00e8tres du rivage. La maison est simple, sans pr\u00e9tention au luxe, mais elle a un charme fou ; elle a trois terrasses : l&#8217;une fait face \u00e0 la mer et quand l&#8217;air est particuli\u00e8rement limpide, on peut voir toutes les \u00eeles de l&#8217;archipel toscan. Les deux autres donnent sur la pin\u00e8de priv\u00e9e \u00e0 l&#8217;arri\u00e8re. La maison est r\u00e9partie sur trois \u00e9tages : grande cuisine, grand salon, chambre double et salle de bains au rez-de-chauss\u00e9e ; grand salon, trois chambres et une salle de bains au premier \u00e9tage ; grande chambre double avec salle de bains au dernier \u00e9tage. Le calme qui r\u00e8gne dans ce lieu ne se retrouve nulle part ailleurs !<\/p>\n<div class=\"n2_ss_slider_publish__option_code\" dir=\"ltr\" data-mode=\"id\"><\/div>\n","protected":false},"excerpt":{"rendered":"<p>Cette jolie villa est situ\u00e9e sur la plage, \u00e0 seulement 15 m\u00e8tres du rivage.<\/p>\n","protected":false},"featured_media":2840,"template":"","meta":{"site-sidebar-layout":"default","site-content-layout":"default","ast-site-content-layout":"default","site-content-style":"default","site-sidebar-style":"default","ast-global-header-display":"","ast-banner-title-visibility":"","ast-main-header-display":"","ast-hfb-above-header-display":"","ast-hfb-below-header-display":"","ast-hfb-mobile-header-display":"","site-post-title":"","ast-breadcrumbs-content":"","ast-featured-img":"","footer-sml-layout":"","ast-disable-related-posts":"","theme-transparent-header-meta":"default","adv-header-id-meta":"","stick-header-meta":"","header-above-stick-meta":"","header-main-stick-meta":"","header-below-stick-meta":"","astra-migrate-meta-layouts":"default","ast-page-background-enabled":"default","ast-page-background-meta":{"desktop":{"background-color":"","background-image":"","background-repeat":"repeat","background-position":"center center","background-size":"auto","background-attachment":"scroll","background-type":"","background-media":"","overlay-type":"","overlay-color":"","overlay-opacity":"","overlay-gradient":""},"tablet":{"background-color":"","background-image":"","background-repeat":"repeat","background-position":"center center","background-size":"auto","background-attachment":"scroll","background-type":"","background-media":"","overlay-type":"","overlay-color":"","overlay-opacity":"","overlay-gradient":""},"mobile":{"background-color":"","background-image":"","background-repeat":"repeat","background-position":"center center","background-size":"auto","background-attachment":"scroll","background-type":"","background-media":"","overlay-type":"","overlay-color":"","overlay-opacity":"","overlay-gradient":""}},"ast-content-background-meta":{"desktop":{"background-color":"var(--ast-global-color-5)","background-image":"","background-repeat":"repeat","background-position":"center center","background-size":"auto","background-attachment":"scroll","background-type":"","background-media":"","overlay-type":"","overlay-color":"","overlay-opacity":"","overlay-gradient":""},"tablet":{"background-color":"var(--ast-global-color-5)","background-image":"","background-repeat":"repeat","background-position":"center center","background-size":"auto","background-attachment":"scroll","background-type":"","background-media":"","overlay-type":"","overlay-color":"","overlay-opacity":"","overlay-gradient":""},"mobile":{"background-color":"var(--ast-global-color-5)","background-image":"","background-repeat":"repeat","background-position":"center center","background-size":"auto","background-attachment":"scroll","background-type":"","background-media":"","overlay-type":"","overlay-color":"","overlay-opacity":"","overlay-gradient":""}}},"product_brand":[],"product_cat":[497,492,507],"product_tag":[517,518,495,516],"class_list":{"0":"post-3700","1":"product","2":"type-product","3":"status-publish","4":"has-post-thumbnail","6":"product_cat-10-lits-ou-plus","7":"product_cat-location-de-gites-ruraux","8":"product_cat-villas-fr","9":"product_tag-bord-de-mer","10":"product_tag-grands-groupes","11":"product_tag-restauration","12":"product_tag-villas-fr","13":"desktop-align-center","14":"tablet-align-left","15":"mobile-align-left","17":"first","18":"outofstock","19":"featured","20":"shipping-taxable","21":"product-type-simple"},"_links":{"self":[{"href":"https:\/\/antichefamiglietoscane.com\/fr\/wp-json\/wp\/v2\/product\/3700","targetHints":{"allow":["GET"]}}],"collection":[{"href":"https:\/\/antichefamiglietoscane.com\/fr\/wp-json\/wp\/v2\/product"}],"about":[{"href":"https:\/\/antichefamiglietoscane.com\/fr\/wp-json\/wp\/v2\/types\/product"}],"wp:featuredmedia":[{"embeddable":true,"href":"https:\/\/antichefamiglietoscane.com\/fr\/wp-json\/wp\/v2\/media\/2840"}],"wp:attachment":[{"href":"https:\/\/antichefamiglietoscane.com\/fr\/wp-json\/wp\/v2\/media?parent=3700"}],"wp:term":[{"taxonomy":"product_brand","embeddable":true,"href":"https:\/\/antichefamiglietoscane.com\/fr\/wp-json\/wp\/v2\/product_brand?post=3700"},{"taxonomy":"product_cat","embeddable":true,"href":"https:\/\/antichefamiglietoscane.com\/fr\/wp-json\/wp\/v2\/product_cat?post=3700"},{"taxonomy":"product_tag","embeddable":true,"href":"https:\/\/antichefamiglietoscane.com\/fr\/wp-json\/wp\/v2\/product_tag?post=3700"}],"curies":[{"name":"wp","href":"https:\/\/api.w.org\/{rel}","templated":true}]}}