{"id":3698,"date":"2023-07-19T14:57:08","date_gmt":"2023-07-19T12:57:08","guid":{"rendered":"https:\/\/antichefamiglietoscane.com\/accommodations\/ferme-santa-elisabetta\/"},"modified":"2024-04-28T10:33:46","modified_gmt":"2024-04-28T08:33:46","slug":"santa-elisabetta-farmhouse","status":"publish","type":"product","link":"https:\/\/antichefamiglietoscane.com\/fr\/accommodations\/santa-elisabetta-farmhouse\/","title":{"rendered":"Ferme Santa Elisabetta"},"content":{"rendered":"<p>Grande et charmante villa de campagne pour 10 personnes avec une vue imprenable sur les bois, le vignoble et les oliveraies de la ferme et situ\u00e9e dans un endroit tr\u00e8s paisible. Entour\u00e9 d&#8217;un grand jardin priv\u00e9 avec mobilier de jardin et situ\u00e9 \u00e0 seulement 50 m\u00e8tres de la piscine de 10X20 mt. Par l&#8217;escalier ext\u00e9rieur, on acc\u00e8de \u00e0 la belle loggia habitable qui s&#8217;ouvre sur le grand s\u00e9jour, gai et bien \u00e9clair\u00e9, avec sa grande chemin\u00e9e ; la cuisine est confortable et bien \u00e9quip\u00e9e avec un lave-vaisselle, tandis que la machine \u00e0 laver se trouve au rez-de-chauss\u00e9e.<br \/>\nCinq chambres doubles et 3 salles de bains (dont une en suite).<br \/>\nCommerces, restaurants et villes les plus proches \u00e0 seulement 4 km.<br \/>\nMontepulciano et Pienza sont accessibles en 20 minutes ; Sienne et P\u00e9rouse en 1 heure ; Florence et Rome en 1 heure et demie.<\/p>\n<h6>Structure<\/h6>\n<p><strong>A l&#8217;int\u00e9rieur<\/strong><\/p>\n<ul>\n<li>Cuisine<\/li>\n<li>Salle \u00e0 manger<\/li>\n<li>1 salon(s)<\/li>\n<li>2 chambre(s) double(s)<\/li>\n<li>3 chambre(s) \u00e0 lits jumeaux<\/li>\n<li>3 salle(s) de bain avec douche<\/li>\n<\/ul>\n<p><strong>A l&#8217;ext\u00e9rieur<\/strong><\/p>\n<ul>\n<li>Jardin<\/li>\n<li>Mobilier de jardin<\/li>\n<li>Grand parking<\/li>\n<li>1 loggia(s) \/ balcon(s)<\/li>\n<\/ul>\n<div class=\"n2_ss_slider_publish__option_code\" dir=\"ltr\" data-mode=\"id\"><\/div>\n<div dir=\"ltr\" data-mode=\"id\"><\/div>\n","protected":false},"excerpt":{"rendered":"<p>Grande et charmante villa de campagne pour 10 personnes avec une vue imprenable sur les bois, le vignoble et les oliveraies de la ferme et situ\u00e9e dans un endroit tr\u00e8s paisible. Entour\u00e9 d&#8217;un grand jardin priv\u00e9 avec mobilier de jardin et situ\u00e9 \u00e0 seulement 50 m\u00e8tres de la piscine de 10X20 mt. Par l&#8217;escalier ext\u00e9rieur, [&hellip;]<\/p>\n","protected":false},"featured_media":2894,"template":"","meta":{"site-sidebar-layout":"default","site-content-layout":"default","ast-site-content-layout":"default","site-content-style":"default","site-sidebar-style":"default","ast-global-header-display":"","ast-banner-title-visibility":"","ast-main-header-display":"","ast-hfb-above-header-display":"","ast-hfb-below-header-display":"","ast-hfb-mobile-header-display":"","site-post-title":"","ast-breadcrumbs-content":"","ast-featured-img":"","footer-sml-layout":"","ast-disable-related-posts":"","theme-transparent-header-meta":"default","adv-header-id-meta":"","stick-header-meta":"","header-above-stick-meta":"","header-main-stick-meta":"","header-below-stick-meta":"","astra-migrate-meta-layouts":"default","ast-page-background-enabled":"default","ast-page-background-meta":{"desktop":{"background-color":"","background-image":"","background-repeat":"repeat","background-position":"center center","background-size":"auto","background-attachment":"scroll","background-type":"","background-media":"","overlay-type":"","overlay-color":"","overlay-opacity":"","overlay-gradient":""},"tablet":{"background-color":"","background-image":"","background-repeat":"repeat","background-position":"center center","background-size":"auto","background-attachment":"scroll","background-type":"","background-media":"","overlay-type":"","overlay-color":"","overlay-opacity":"","overlay-gradient":""},"mobile":{"background-color":"","background-image":"","background-repeat":"repeat","background-position":"center center","background-size":"auto","background-attachment":"scroll","background-type":"","background-media":"","overlay-type":"","overlay-color":"","overlay-opacity":"","overlay-gradient":""}},"ast-content-background-meta":{"desktop":{"background-color":"var(--ast-global-color-5)","background-image":"","background-repeat":"repeat","background-position":"center center","background-size":"auto","background-attachment":"scroll","background-type":"","background-media":"","overlay-type":"","overlay-color":"","overlay-opacity":"","overlay-gradient":""},"tablet":{"background-color":"var(--ast-global-color-5)","background-image":"","background-repeat":"repeat","background-position":"center center","background-size":"auto","background-attachment":"scroll","background-type":"","background-media":"","overlay-type":"","overlay-color":"","overlay-opacity":"","overlay-gradient":""},"mobile":{"background-color":"var(--ast-global-color-5)","background-image":"","background-repeat":"repeat","background-position":"center center","background-size":"auto","background-attachment":"scroll","background-type":"","background-media":"","overlay-type":"","overlay-color":"","overlay-opacity":"","overlay-gradient":""}}},"product_brand":[],"product_cat":[497,493,492],"product_tag":[528,494,543,531,495],"class_list":{"0":"post-3698","1":"product","2":"type-product","3":"status-publish","4":"has-post-thumbnail","6":"product_cat-10-lits-ou-plus","7":"product_cat-ferme-palazzo-di-piero","8":"product_cat-location-de-gites-ruraux","9":"product_tag-10-lits-ou-plus","10":"product_tag-ferme","11":"product_tag-grande-piscine","12":"product_tag-la-campagne-toscane","13":"product_tag-restauration","14":"desktop-align-center","15":"tablet-align-left","16":"mobile-align-left","18":"first","19":"outofstock","20":"shipping-taxable","21":"product-type-simple"},"_links":{"self":[{"href":"https:\/\/antichefamiglietoscane.com\/fr\/wp-json\/wp\/v2\/product\/3698","targetHints":{"allow":["GET"]}}],"collection":[{"href":"https:\/\/antichefamiglietoscane.com\/fr\/wp-json\/wp\/v2\/product"}],"about":[{"href":"https:\/\/antichefamiglietoscane.com\/fr\/wp-json\/wp\/v2\/types\/product"}],"wp:featuredmedia":[{"embeddable":true,"href":"https:\/\/antichefamiglietoscane.com\/fr\/wp-json\/wp\/v2\/media\/2894"}],"wp:attachment":[{"href":"https:\/\/antichefamiglietoscane.com\/fr\/wp-json\/wp\/v2\/media?parent=3698"}],"wp:term":[{"taxonomy":"product_brand","embeddable":true,"href":"https:\/\/antichefamiglietoscane.com\/fr\/wp-json\/wp\/v2\/product_brand?post=3698"},{"taxonomy":"product_cat","embeddable":true,"href":"https:\/\/antichefamiglietoscane.com\/fr\/wp-json\/wp\/v2\/product_cat?post=3698"},{"taxonomy":"product_tag","embeddable":true,"href":"https:\/\/antichefamiglietoscane.com\/fr\/wp-json\/wp\/v2\/product_tag?post=3698"}],"curies":[{"name":"wp","href":"https:\/\/api.w.org\/{rel}","templated":true}]}}