{"id":3697,"date":"2023-07-19T14:43:33","date_gmt":"2023-07-19T12:43:33","guid":{"rendered":"https:\/\/antichefamiglietoscane.com\/accommodations\/ferme-serravalle\/"},"modified":"2024-04-28T10:37:18","modified_gmt":"2024-04-28T08:37:18","slug":"serravalle-ferme","status":"publish","type":"product","link":"https:\/\/antichefamiglietoscane.com\/fr\/accommodations\/serravalle-ferme\/","title":{"rendered":"Ferme Serravalle"},"content":{"rendered":"<p>Un b\u00e2timent ancien, avec une tour du Moyen-\u00c2ge sur le c\u00f4t\u00e9. L&#8217;entr\u00e9e se fait par une jolie arche qui m\u00e8ne au salon. Le reste de l&#8217;appartement se trouve \u00e0 l&#8217;\u00e9tage : grande cuisine\/salon avec chemin\u00e9e traditionnelle, deux chambres et une salle de bains. Il allie caract\u00e8re traditionnel et confort moderne.<br \/>\nDes espaces priv\u00e9s avec mobilier de jardin sont pr\u00e9vus \u00e0 l&#8217;ext\u00e9rieur.<br \/>\nIl Colombaio se trouve de l&#8217;autre c\u00f4t\u00e9 du champ de la Villa principale, et il y a un sentier que les h\u00f4tes peuvent emprunter pour traverser les jardins de la Villa.<br \/>\nSienne est \u00e0 environ 10 minutes en voiture, 30 minutes en bus (l&#8217;arr\u00eat est \u00e0 50 m\u00e8tres de la maison).<\/p>\n<div class=\"n2_ss_slider_publish__option_code\" dir=\"ltr\" data-mode=\"id\"><\/div>\n\n","protected":false},"excerpt":{"rendered":"<p>Un b\u00e2timent ancien, avec une tour du Moyen-\u00c2ge sur le c\u00f4t\u00e9. L&#8217;entr\u00e9e se fait par une jolie arche qui m\u00e8ne au salon. Le reste de l&#8217;appartement se trouve \u00e0 l&#8217;\u00e9tage : grande cuisine\/salon avec chemin\u00e9e traditionnelle, deux chambres et une salle de bains. Il allie caract\u00e8re traditionnel et confort moderne. Des espaces priv\u00e9s avec mobilier [&hellip;]<\/p>\n","protected":false},"featured_media":2806,"template":"","meta":{"site-sidebar-layout":"default","site-content-layout":"default","ast-site-content-layout":"default","site-content-style":"default","site-sidebar-style":"default","ast-global-header-display":"","ast-banner-title-visibility":"","ast-main-header-display":"","ast-hfb-above-header-display":"","ast-hfb-below-header-display":"","ast-hfb-mobile-header-display":"","site-post-title":"","ast-breadcrumbs-content":"","ast-featured-img":"","footer-sml-layout":"","ast-disable-related-posts":"","theme-transparent-header-meta":"default","adv-header-id-meta":"","stick-header-meta":"","header-above-stick-meta":"","header-main-stick-meta":"","header-below-stick-meta":"","astra-migrate-meta-layouts":"default","ast-page-background-enabled":"default","ast-page-background-meta":{"desktop":{"background-color":"","background-image":"","background-repeat":"repeat","background-position":"center center","background-size":"auto","background-attachment":"scroll","background-type":"","background-media":"","overlay-type":"","overlay-color":"","overlay-opacity":"","overlay-gradient":""},"tablet":{"background-color":"","background-image":"","background-repeat":"repeat","background-position":"center center","background-size":"auto","background-attachment":"scroll","background-type":"","background-media":"","overlay-type":"","overlay-color":"","overlay-opacity":"","overlay-gradient":""},"mobile":{"background-color":"","background-image":"","background-repeat":"repeat","background-position":"center center","background-size":"auto","background-attachment":"scroll","background-type":"","background-media":"","overlay-type":"","overlay-color":"","overlay-opacity":"","overlay-gradient":""}},"ast-content-background-meta":{"desktop":{"background-color":"var(--ast-global-color-5)","background-image":"","background-repeat":"repeat","background-position":"center center","background-size":"auto","background-attachment":"scroll","background-type":"","background-media":"","overlay-type":"","overlay-color":"","overlay-opacity":"","overlay-gradient":""},"tablet":{"background-color":"var(--ast-global-color-5)","background-image":"","background-repeat":"repeat","background-position":"center center","background-size":"auto","background-attachment":"scroll","background-type":"","background-media":"","overlay-type":"","overlay-color":"","overlay-opacity":"","overlay-gradient":""},"mobile":{"background-color":"var(--ast-global-color-5)","background-image":"","background-repeat":"repeat","background-position":"center center","background-size":"auto","background-attachment":"scroll","background-type":"","background-media":"","overlay-type":"","overlay-color":"","overlay-opacity":"","overlay-gradient":""}}},"product_brand":[],"product_cat":[486,492],"product_tag":[546,547,537,494,531,495],"class_list":{"0":"post-3697","1":"product","2":"type-product","3":"status-publish","4":"has-post-thumbnail","6":"product_cat-ferme-cavaglioni","7":"product_cat-location-de-gites-ruraux","8":"product_tag-10-minutes-de-sienne-en-voiture","9":"product_tag-a-proximite-de-sienne","10":"product_tag-biopool-fr","11":"product_tag-ferme","12":"product_tag-la-campagne-toscane","13":"product_tag-restauration","14":"desktop-align-center","15":"tablet-align-left","16":"mobile-align-left","18":"first","19":"outofstock","20":"shipping-taxable","21":"product-type-simple"},"_links":{"self":[{"href":"https:\/\/antichefamiglietoscane.com\/fr\/wp-json\/wp\/v2\/product\/3697","targetHints":{"allow":["GET"]}}],"collection":[{"href":"https:\/\/antichefamiglietoscane.com\/fr\/wp-json\/wp\/v2\/product"}],"about":[{"href":"https:\/\/antichefamiglietoscane.com\/fr\/wp-json\/wp\/v2\/types\/product"}],"wp:featuredmedia":[{"embeddable":true,"href":"https:\/\/antichefamiglietoscane.com\/fr\/wp-json\/wp\/v2\/media\/2806"}],"wp:attachment":[{"href":"https:\/\/antichefamiglietoscane.com\/fr\/wp-json\/wp\/v2\/media?parent=3697"}],"wp:term":[{"taxonomy":"product_brand","embeddable":true,"href":"https:\/\/antichefamiglietoscane.com\/fr\/wp-json\/wp\/v2\/product_brand?post=3697"},{"taxonomy":"product_cat","embeddable":true,"href":"https:\/\/antichefamiglietoscane.com\/fr\/wp-json\/wp\/v2\/product_cat?post=3697"},{"taxonomy":"product_tag","embeddable":true,"href":"https:\/\/antichefamiglietoscane.com\/fr\/wp-json\/wp\/v2\/product_tag?post=3697"}],"curies":[{"name":"wp","href":"https:\/\/api.w.org\/{rel}","templated":true}]}}