{"id":3693,"date":"2023-07-19T14:55:24","date_gmt":"2023-07-19T12:55:24","guid":{"rendered":"https:\/\/antichefamiglietoscane.com\/accommodations\/ferme-san-pietro\/"},"modified":"2024-04-28T10:34:01","modified_gmt":"2024-04-28T08:34:01","slug":"ferme-san-pietro","status":"publish","type":"product","link":"https:\/\/antichefamiglietoscane.com\/fr\/accommodations\/ferme-san-pietro\/","title":{"rendered":"Ferme San Pietro"},"content":{"rendered":"<p>Cette belle et typique villa de campagne est la maison la plus isol\u00e9e de la ferme de Palazzo di Piero. Il est entour\u00e9 de bois et de champs et se trouve tout pr\u00e8s d&#8217;un des deux petits lacs de la ferme et \u00e0 100 m\u00e8tres de la petite rivi\u00e8re qui coupe le domaine en deux parties. A environ 1 km du ch\u00e2teau et de la piscine de 10X20 mt.<br \/>\nUn vaste espace priv\u00e9 o\u00f9 vous pouvez vous d\u00e9tendre, vous asseoir et prendre vos repas et faire des barbecues ; des escaliers ext\u00e9rieurs en pierre m\u00e8nent \u00e0 une loggia int\u00e9rieure.<br \/>\nLa maison est chaleureuse et charmante, elle peut accueillir 6\/8 personnes et se compose d&#8217;un salon avec grande chemin\u00e9e, d&#8217;une grande cuisine bien \u00e9quip\u00e9e, de trois chambres (dont une tr\u00e8s grande), de trois salles de bains avec douches, dont une en suite.<br \/>\nVille et commerces les plus proches \u00e0 2 km.<br \/>\nMontepulciano et Pienza sont accessibles en 20 minutes ; Sienne et P\u00e9rouse en 1 heure ; Florence et Rome en 1 heure et demie.<\/p>\n<h6>Structure<\/h6>\n<p><strong>A l&#8217;int\u00e9rieur<\/strong><\/p>\n<ul>\n<li>Cuisine<\/li>\n<li>1 salon(s)<\/li>\n<li>2 chambre(s) double(s)<\/li>\n<li>1 chambre \u00e0 deux lits<\/li>\n<li>3 salle(s) de bain avec douche<\/li>\n<\/ul>\n<p><strong>A l&#8217;ext\u00e9rieur<\/strong><\/p>\n<ul>\n<li>Jardin<\/li>\n<li>Mobilier de jardin<\/li>\n<li>Grand parking<\/li>\n<li>1 loggia(s)\/balconie(s)<\/li>\n<\/ul>\n<div class=\"n2_ss_slider_publish__option_code\" dir=\"ltr\" data-mode=\"id\"><\/div>\n<div dir=\"ltr\" data-mode=\"id\"><\/div>\n","protected":false},"excerpt":{"rendered":"<p>Cette belle et typique villa de campagne est la maison la plus isol\u00e9e de la ferme de Palazzo di Piero. Il est entour\u00e9 de bois et de champs et se trouve tout pr\u00e8s d&#8217;un des deux petits lacs de la ferme et \u00e0 100 m\u00e8tres de la petite rivi\u00e8re qui coupe le domaine en deux [&hellip;]<\/p>\n","protected":false},"featured_media":3650,"template":"","meta":{"site-sidebar-layout":"default","site-content-layout":"default","ast-site-content-layout":"default","site-content-style":"default","site-sidebar-style":"default","ast-global-header-display":"","ast-banner-title-visibility":"","ast-main-header-display":"","ast-hfb-above-header-display":"","ast-hfb-below-header-display":"","ast-hfb-mobile-header-display":"","site-post-title":"","ast-breadcrumbs-content":"","ast-featured-img":"","footer-sml-layout":"","ast-disable-related-posts":"","theme-transparent-header-meta":"default","adv-header-id-meta":"","stick-header-meta":"","header-above-stick-meta":"","header-main-stick-meta":"","header-below-stick-meta":"","astra-migrate-meta-layouts":"default","ast-page-background-enabled":"default","ast-page-background-meta":{"desktop":{"background-color":"","background-image":"","background-repeat":"repeat","background-position":"center center","background-size":"auto","background-attachment":"scroll","background-type":"","background-media":"","overlay-type":"","overlay-color":"","overlay-opacity":"","overlay-gradient":""},"tablet":{"background-color":"","background-image":"","background-repeat":"repeat","background-position":"center center","background-size":"auto","background-attachment":"scroll","background-type":"","background-media":"","overlay-type":"","overlay-color":"","overlay-opacity":"","overlay-gradient":""},"mobile":{"background-color":"","background-image":"","background-repeat":"repeat","background-position":"center center","background-size":"auto","background-attachment":"scroll","background-type":"","background-media":"","overlay-type":"","overlay-color":"","overlay-opacity":"","overlay-gradient":""}},"ast-content-background-meta":{"desktop":{"background-color":"var(--ast-global-color-5)","background-image":"","background-repeat":"repeat","background-position":"center center","background-size":"auto","background-attachment":"scroll","background-type":"","background-media":"","overlay-type":"","overlay-color":"","overlay-opacity":"","overlay-gradient":""},"tablet":{"background-color":"var(--ast-global-color-5)","background-image":"","background-repeat":"repeat","background-position":"center center","background-size":"auto","background-attachment":"scroll","background-type":"","background-media":"","overlay-type":"","overlay-color":"","overlay-opacity":"","overlay-gradient":""},"mobile":{"background-color":"var(--ast-global-color-5)","background-image":"","background-repeat":"repeat","background-position":"center center","background-size":"auto","background-attachment":"scroll","background-type":"","background-media":"","overlay-type":"","overlay-color":"","overlay-opacity":"","overlay-gradient":""}}},"product_brand":[],"product_cat":[493,492],"product_tag":[494,531,495],"class_list":{"0":"post-3693","1":"product","2":"type-product","3":"status-publish","4":"has-post-thumbnail","6":"product_cat-ferme-palazzo-di-piero","7":"product_cat-location-de-gites-ruraux","8":"product_tag-ferme","9":"product_tag-la-campagne-toscane","10":"product_tag-restauration","11":"desktop-align-center","12":"tablet-align-left","13":"mobile-align-left","15":"first","16":"outofstock","17":"shipping-taxable","18":"product-type-simple"},"_links":{"self":[{"href":"https:\/\/antichefamiglietoscane.com\/fr\/wp-json\/wp\/v2\/product\/3693","targetHints":{"allow":["GET"]}}],"collection":[{"href":"https:\/\/antichefamiglietoscane.com\/fr\/wp-json\/wp\/v2\/product"}],"about":[{"href":"https:\/\/antichefamiglietoscane.com\/fr\/wp-json\/wp\/v2\/types\/product"}],"wp:featuredmedia":[{"embeddable":true,"href":"https:\/\/antichefamiglietoscane.com\/fr\/wp-json\/wp\/v2\/media\/3650"}],"wp:attachment":[{"href":"https:\/\/antichefamiglietoscane.com\/fr\/wp-json\/wp\/v2\/media?parent=3693"}],"wp:term":[{"taxonomy":"product_brand","embeddable":true,"href":"https:\/\/antichefamiglietoscane.com\/fr\/wp-json\/wp\/v2\/product_brand?post=3693"},{"taxonomy":"product_cat","embeddable":true,"href":"https:\/\/antichefamiglietoscane.com\/fr\/wp-json\/wp\/v2\/product_cat?post=3693"},{"taxonomy":"product_tag","embeddable":true,"href":"https:\/\/antichefamiglietoscane.com\/fr\/wp-json\/wp\/v2\/product_tag?post=3693"}],"curies":[{"name":"wp","href":"https:\/\/api.w.org\/{rel}","templated":true}]}}