{"id":3688,"date":"2023-07-19T14:50:49","date_gmt":"2023-07-19T12:50:49","guid":{"rendered":"https:\/\/antichefamiglietoscane.com\/accommodations\/ferme-bachiarro\/"},"modified":"2024-04-28T10:36:08","modified_gmt":"2024-04-28T08:36:08","slug":"bachiarro-ferme","status":"publish","type":"product","link":"https:\/\/antichefamiglietoscane.com\/fr\/accommodations\/bachiarro-ferme\/","title":{"rendered":"Ferme Bachiarro"},"content":{"rendered":"<p>Attach\u00e9 au ch\u00e2teau, ce g\u00eete ind\u00e9pendant pour 4\/6 personnes a le charme et l&#8217;atmosph\u00e8re chaleureuse d&#8217;une ferme toscane typique.<br \/>\nPar une ancienne arche, vous entrez dans la cour priv\u00e9e de la maison, et les marches en pierre vous conduisent \u00e0 la petite loggia de la maison.<br \/>\nCompos\u00e9 d&#8217;un grand salon\/salle \u00e0 manger avec une chemin\u00e9e toscane typique, d&#8217;une petite cuisine, d&#8217;une chambre double, d&#8217;une chambre \u00e0 deux lits accessible par un studio (qui peut \u00e9galement \u00eatre une chambre simple ou \u00e0 deux lits) ; d&#8217;une salle de bains avec baignoire (avec possibilit\u00e9 de douche).<br \/>\nDans la cour priv\u00e9e, vous pouvez vous asseoir, prendre un bain de soleil, manger et faire un barbecue. La piscine 10X20 se trouve \u00e0 quelques pas de la maison.<\/p>\n<div class=\"n2_ss_slider_publish__option_code\" dir=\"ltr\" data-mode=\"id\"><\/div>\n\n","protected":false},"excerpt":{"rendered":"<p>Attach\u00e9 au ch\u00e2teau, ce g\u00eete ind\u00e9pendant pour 4\/6 personnes a le charme et l&#8217;atmosph\u00e8re chaleureuse d&#8217;une ferme toscane typique. Par une ancienne arche, vous entrez dans la cour priv\u00e9e de la maison, et les marches en pierre vous conduisent \u00e0 la petite loggia de la maison. Compos\u00e9 d&#8217;un grand salon\/salle \u00e0 manger avec une chemin\u00e9e [&hellip;]<\/p>\n","protected":false},"featured_media":3570,"template":"","meta":{"site-sidebar-layout":"default","site-content-layout":"default","ast-site-content-layout":"default","site-content-style":"default","site-sidebar-style":"default","ast-global-header-display":"","ast-banner-title-visibility":"","ast-main-header-display":"","ast-hfb-above-header-display":"","ast-hfb-below-header-display":"","ast-hfb-mobile-header-display":"","site-post-title":"","ast-breadcrumbs-content":"","ast-featured-img":"","footer-sml-layout":"","ast-disable-related-posts":"","theme-transparent-header-meta":"default","adv-header-id-meta":"","stick-header-meta":"","header-above-stick-meta":"","header-main-stick-meta":"","header-below-stick-meta":"","astra-migrate-meta-layouts":"default","ast-page-background-enabled":"default","ast-page-background-meta":{"desktop":{"background-color":"","background-image":"","background-repeat":"repeat","background-position":"center center","background-size":"auto","background-attachment":"scroll","background-type":"","background-media":"","overlay-type":"","overlay-color":"","overlay-opacity":"","overlay-gradient":""},"tablet":{"background-color":"","background-image":"","background-repeat":"repeat","background-position":"center center","background-size":"auto","background-attachment":"scroll","background-type":"","background-media":"","overlay-type":"","overlay-color":"","overlay-opacity":"","overlay-gradient":""},"mobile":{"background-color":"","background-image":"","background-repeat":"repeat","background-position":"center center","background-size":"auto","background-attachment":"scroll","background-type":"","background-media":"","overlay-type":"","overlay-color":"","overlay-opacity":"","overlay-gradient":""}},"ast-content-background-meta":{"desktop":{"background-color":"var(--ast-global-color-5)","background-image":"","background-repeat":"repeat","background-position":"center center","background-size":"auto","background-attachment":"scroll","background-type":"","background-media":"","overlay-type":"","overlay-color":"","overlay-opacity":"","overlay-gradient":""},"tablet":{"background-color":"var(--ast-global-color-5)","background-image":"","background-repeat":"repeat","background-position":"center center","background-size":"auto","background-attachment":"scroll","background-type":"","background-media":"","overlay-type":"","overlay-color":"","overlay-opacity":"","overlay-gradient":""},"mobile":{"background-color":"var(--ast-global-color-5)","background-image":"","background-repeat":"repeat","background-position":"center center","background-size":"auto","background-attachment":"scroll","background-type":"","background-media":"","overlay-type":"","overlay-color":"","overlay-opacity":"","overlay-gradient":""}}},"product_brand":[],"product_cat":[493,492],"product_tag":[494,543,531,495],"class_list":{"0":"post-3688","1":"product","2":"type-product","3":"status-publish","4":"has-post-thumbnail","6":"product_cat-ferme-palazzo-di-piero","7":"product_cat-location-de-gites-ruraux","8":"product_tag-ferme","9":"product_tag-grande-piscine","10":"product_tag-la-campagne-toscane","11":"product_tag-restauration","12":"desktop-align-center","13":"tablet-align-left","14":"mobile-align-left","16":"first","17":"outofstock","18":"shipping-taxable","19":"product-type-simple"},"_links":{"self":[{"href":"https:\/\/antichefamiglietoscane.com\/fr\/wp-json\/wp\/v2\/product\/3688","targetHints":{"allow":["GET"]}}],"collection":[{"href":"https:\/\/antichefamiglietoscane.com\/fr\/wp-json\/wp\/v2\/product"}],"about":[{"href":"https:\/\/antichefamiglietoscane.com\/fr\/wp-json\/wp\/v2\/types\/product"}],"wp:featuredmedia":[{"embeddable":true,"href":"https:\/\/antichefamiglietoscane.com\/fr\/wp-json\/wp\/v2\/media\/3570"}],"wp:attachment":[{"href":"https:\/\/antichefamiglietoscane.com\/fr\/wp-json\/wp\/v2\/media?parent=3688"}],"wp:term":[{"taxonomy":"product_brand","embeddable":true,"href":"https:\/\/antichefamiglietoscane.com\/fr\/wp-json\/wp\/v2\/product_brand?post=3688"},{"taxonomy":"product_cat","embeddable":true,"href":"https:\/\/antichefamiglietoscane.com\/fr\/wp-json\/wp\/v2\/product_cat?post=3688"},{"taxonomy":"product_tag","embeddable":true,"href":"https:\/\/antichefamiglietoscane.com\/fr\/wp-json\/wp\/v2\/product_tag?post=3688"}],"curies":[{"name":"wp","href":"https:\/\/api.w.org\/{rel}","templated":true}]}}