{"id":3687,"date":"2023-07-19T14:45:27","date_gmt":"2023-07-19T12:45:27","guid":{"rendered":"https:\/\/antichefamiglietoscane.com\/accommodations\/la-tour-du-colombaio\/"},"modified":"2024-04-28T10:35:37","modified_gmt":"2024-04-28T08:35:37","slug":"la-tour-du-colombaio","status":"publish","type":"product","link":"https:\/\/antichefamiglietoscane.com\/fr\/accommodations\/la-tour-du-colombaio\/","title":{"rendered":"La tour du Colombaio"},"content":{"rendered":"<p>La Torre est une ancienne tour qui, il y a des si\u00e8cles, prot\u00e9geait les habitants. Aujourd&#8217;hui, il a \u00e9t\u00e9 enti\u00e8rement restaur\u00e9, tout en veillant \u00e0 conserver son caract\u00e8re ancien. De la pelouse de la maison \u00e0 l&#8217;int\u00e9rieur de la cuisine confortable. L&#8217;atmosph\u00e8re toscane est en partie d\u00e9termin\u00e9e par les murs en briques brutes et les lourdes poutres en bois au plafond.<br \/>\nDepuis la cuisine, prenez l&#8217;escalier qui m\u00e8ne \u00e0 la chambre double. Ici, il y a un lit double. A cet \u00e9tage se trouve la salle de bain.<br \/>\nDans la maison, vous pouvez vous asseoir \u00e0 l&#8217;ext\u00e9rieur, aussi bien \u00e0 l&#8217;ombre des arbres qu&#8217;au soleil, mais vous pouvez aussi vous rafra\u00eechir dans la petite piscine.<\/p>\n<div class=\"n2_ss_slider_publish__option_code\" dir=\"ltr\" data-mode=\"id\"><\/div>\n\n","protected":false},"excerpt":{"rendered":"<p>La Torre est une ancienne tour qui, il y a des si\u00e8cles, prot\u00e9geait les habitants. Aujourd&#8217;hui, il a \u00e9t\u00e9 enti\u00e8rement restaur\u00e9, tout en veillant \u00e0 conserver son caract\u00e8re ancien. De la pelouse de la maison \u00e0 l&#8217;int\u00e9rieur de la cuisine confortable. L&#8217;atmosph\u00e8re toscane est en partie d\u00e9termin\u00e9e par les murs en briques brutes et les [&hellip;]<\/p>\n","protected":false},"featured_media":2834,"template":"","meta":{"site-sidebar-layout":"default","site-content-layout":"default","ast-site-content-layout":"default","site-content-style":"default","site-sidebar-style":"default","ast-global-header-display":"","ast-banner-title-visibility":"","ast-main-header-display":"","ast-hfb-above-header-display":"","ast-hfb-below-header-display":"","ast-hfb-mobile-header-display":"","site-post-title":"","ast-breadcrumbs-content":"","ast-featured-img":"","footer-sml-layout":"","ast-disable-related-posts":"","theme-transparent-header-meta":"default","adv-header-id-meta":"","stick-header-meta":"","header-above-stick-meta":"","header-main-stick-meta":"","header-below-stick-meta":"","astra-migrate-meta-layouts":"default","ast-page-background-enabled":"default","ast-page-background-meta":{"desktop":{"background-color":"","background-image":"","background-repeat":"repeat","background-position":"center center","background-size":"auto","background-attachment":"scroll","background-type":"","background-media":"","overlay-type":"","overlay-color":"","overlay-opacity":"","overlay-gradient":""},"tablet":{"background-color":"","background-image":"","background-repeat":"repeat","background-position":"center center","background-size":"auto","background-attachment":"scroll","background-type":"","background-media":"","overlay-type":"","overlay-color":"","overlay-opacity":"","overlay-gradient":""},"mobile":{"background-color":"","background-image":"","background-repeat":"repeat","background-position":"center center","background-size":"auto","background-attachment":"scroll","background-type":"","background-media":"","overlay-type":"","overlay-color":"","overlay-opacity":"","overlay-gradient":""}},"ast-content-background-meta":{"desktop":{"background-color":"var(--ast-global-color-5)","background-image":"","background-repeat":"repeat","background-position":"center center","background-size":"auto","background-attachment":"scroll","background-type":"","background-media":"","overlay-type":"","overlay-color":"","overlay-opacity":"","overlay-gradient":""},"tablet":{"background-color":"var(--ast-global-color-5)","background-image":"","background-repeat":"repeat","background-position":"center center","background-size":"auto","background-attachment":"scroll","background-type":"","background-media":"","overlay-type":"","overlay-color":"","overlay-opacity":"","overlay-gradient":""},"mobile":{"background-color":"var(--ast-global-color-5)","background-image":"","background-repeat":"repeat","background-position":"center center","background-size":"auto","background-attachment":"scroll","background-type":"","background-media":"","overlay-type":"","overlay-color":"","overlay-opacity":"","overlay-gradient":""}}},"product_brand":[],"product_cat":[486,492],"product_tag":[547,537,535,494,531,495],"class_list":{"0":"post-3687","1":"product","2":"type-product","3":"status-publish","4":"has-post-thumbnail","6":"product_cat-ferme-cavaglioni","7":"product_cat-location-de-gites-ruraux","8":"product_tag-a-proximite-de-sienne","9":"product_tag-biopool-fr","10":"product_tag-chambres-a-coucher","11":"product_tag-ferme","12":"product_tag-la-campagne-toscane","13":"product_tag-restauration","14":"desktop-align-center","15":"tablet-align-left","16":"mobile-align-left","18":"first","19":"outofstock","20":"shipping-taxable","21":"product-type-simple"},"_links":{"self":[{"href":"https:\/\/antichefamiglietoscane.com\/fr\/wp-json\/wp\/v2\/product\/3687","targetHints":{"allow":["GET"]}}],"collection":[{"href":"https:\/\/antichefamiglietoscane.com\/fr\/wp-json\/wp\/v2\/product"}],"about":[{"href":"https:\/\/antichefamiglietoscane.com\/fr\/wp-json\/wp\/v2\/types\/product"}],"wp:featuredmedia":[{"embeddable":true,"href":"https:\/\/antichefamiglietoscane.com\/fr\/wp-json\/wp\/v2\/media\/2834"}],"wp:attachment":[{"href":"https:\/\/antichefamiglietoscane.com\/fr\/wp-json\/wp\/v2\/media?parent=3687"}],"wp:term":[{"taxonomy":"product_brand","embeddable":true,"href":"https:\/\/antichefamiglietoscane.com\/fr\/wp-json\/wp\/v2\/product_brand?post=3687"},{"taxonomy":"product_cat","embeddable":true,"href":"https:\/\/antichefamiglietoscane.com\/fr\/wp-json\/wp\/v2\/product_cat?post=3687"},{"taxonomy":"product_tag","embeddable":true,"href":"https:\/\/antichefamiglietoscane.com\/fr\/wp-json\/wp\/v2\/product_tag?post=3687"}],"curies":[{"name":"wp","href":"https:\/\/api.w.org\/{rel}","templated":true}]}}