{"id":4746,"date":"2024-04-28T20:08:01","date_gmt":"2024-04-28T18:08:01","guid":{"rendered":"https:\/\/antichefamiglietoscane.com\/cours-de-cuisine-et-experiences\/"},"modified":"2024-08-19T12:33:16","modified_gmt":"2024-08-19T10:33:16","slug":"cours-de-cuisine-et-experiences","status":"publish","type":"page","link":"https:\/\/antichefamiglietoscane.com\/fr\/cours-de-cuisine-et-experiences\/","title":{"rendered":"Cours de cuisine et exp\u00e9riences"},"content":{"rendered":"\n<p>Une \u00e9cole de cuisine non seulement en Toscane, non seulement dans le complexe monumental de notre villa Cavaglioni, mais aussi dans la cuisine de l&#8217;un des restaurants les plus appr\u00e9ci\u00e9s de notre r\u00e9gion, notre <a href=\"https:\/\/www.ociogiulivo.com\" target=\"_blank\" rel=\"noreferrer noopener\">Agri Restaurant L&#8217;Ocio Giulivo<\/a>.<br\/>Nous nous r\u00e9jouissons de vous accueillir pour un voyage culinaire, combin\u00e9 \u00e0 d&#8217;autres exp\u00e9riences \u00e9ducatives et amusantes avec des personnes locales passionn\u00e9es par leur m\u00e9tier et leurs produits.<br\/>Voici nos cours, nos exp\u00e9riences.<\/p>\n<div  class=\"wp-block-product-blocks-product-grid-1 wopb-block-e5d8b5 \"><div class=\"wopb-block-wrapper\"><div class=\"wopb-wrapper-main-content\"><div class=\"wopb-block-items-wrap wopb-block-row wopb-block-column-3\"><div class=\"wopb-block-item \"><div class=\"wopb-block-content-wrap\"><div class=\"wopb-block-image wopb-block-image-none\"><div class=\"wopb-onsale-hot\"><\/div><div class=\"wopb-product-new-meta\"><div class=\"wopb-compare-btn wopb_meta_svg_con\"\n                data-action=\"add\"\n                data-added-action=\"popup\"\n                data-postid=\"4758\"\n                data-open-animation=\"wopb-zoom_in\"\n                data-close-animation=\"wopb-zoom_out\"\n                data-modal-loader=\"loader_1\"\n                data-modal_wrapper_class=\"\"\n            ><span class=\"wopb-tooltip-text\"><svg width=\"24\" height=\"24\" viewBox=\"0 0 24 24\" fill=\"none\">\n  <path d=\"M19.5 6H8a4 4 0 0 0-4 4v2m13-9 2.86 2.86a.2.2 0 0 1 0 .28L17 9\" stroke=\"currentColor\" stroke-width=\"1.5\" stroke-linecap=\"round\"\/>\n  <path d=\"M4.5 18H16a4 4 0 0 0 4-4v-2M7 21l-2.86-2.86a.2.2 0 0 1 0-.28L7 15\" stroke=\"currentColor\" stroke-width=\"1.5\" stroke-linecap=\"round\"\/>\n<\/svg><span class=\"wopb-tooltip-text-left\"><span>Compare<\/span><span>Added<\/span><\/span><\/span><\/div><div class=\"wopb_meta_svg_con wopb-wishlist-icon wopb-wishlist-add \"\n                data-action=\"add\"\n                data-added-action=\"popup\"\n                data-postid=\"4758\"\n                data-modal-loader=\"loader_1\"\n                data-modal_content_class=\"wopb-wishlist-wrapper\"\n            ><span class=\"wopb-tooltip-text\"><svg width=\"24\" height=\"24\" viewBox=\"0 0 24 24\" fill=\"none\">\n  <path d=\"m4.7 13.7 6.95 6.95c.2.2.5.2.7 0l6.94-6.94a5.24 5.24 0 0 0 0-7.42 4.66 4.66 0 0 0-6.58 0l-.66.66a.07.07 0 0 1-.1 0l-.66-.66a4.66 4.66 0 0 0-6.58 0 5.24 5.24 0 0 0 0 7.42Z\" stroke=\"currentColor\" stroke-width=\"1.5\"\/>\n  <path d=\"M16 7.83c.51 0 1.02.2 1.41.58.5.5.72 1.2.64 1.85\" stroke=\"currentColor\" stroke-width=\"1.5\" stroke-linecap=\"round\"\/>\n<\/svg><svg width=\"24\" height=\"24\" viewBox=\"0 0 24 24\" fill=\"none\">\n  <path fill-rule=\"evenodd\" clip-rule=\"evenodd\" d=\"M19.82 5.76a5.4 5.4 0 0 0-7.64 0l-.18.18-.18-.18a5.4 5.4 0 0 0-7.64 0 6 6 0 0 0 0 8.48l6.94 6.94c.48.48 1.28.48 1.76 0l6.94-6.94a6 6 0 0 0 0-8.48ZM16 7.08a.75.75 0 0 0 0 1.5c.32 0 .64.12.88.36.34.34.48.8.43 1.24a.75.75 0 0 0 1.49.17 3 3 0 0 0-.86-2.47 2.74 2.74 0 0 0-1.94-.8Z\" fill=\"currentColor\"\/>\n<\/svg><span class=\"wopb-tooltip-text-left\"><span>Add to Wishlist<\/span><span>Browse Wishlist<\/span><\/span><\/span><\/div><div\n            class=\"wopb-quickview-btn wopb_meta_svg_con\"\n            data-list=\"4758,4751,4724\"\n            data-postid=\"4758\"\n            data-modal_wrapper_class=\"wopb-quick-view-wrapper wopb-layout-1\"\n            data-open-animation=\"wopb-zoom_in\"\n            data-close-animation=\"wopb-zoom_out\"\n            data-modal-loader=\"loader_1\"\n            defaultWooPage=\"\"><span class=\"wopb-tooltip-text\"><svg width=\"24\" height=\"24\" viewBox=\"0 0 22 22\" fill=\"none\">\n  <path clip-rule=\"evenodd\" d=\"M15.16 12.05a3.16 3.16 0 1 1-6.32 0 3.16 3.16 0 0 1 6.32 0Z\" stroke=\"currentColor\" stroke-width=\"1.5\" stroke-linecap=\"round\" stroke-linejoin=\"round\"\/>\n  <path clip-rule=\"evenodd\" d=\"M12 19.35c3.8 0 7.29-2.73 9.25-7.3-1.96-4.56-5.44-7.3-9.25-7.3h0c-3.8 0-7.29 2.74-9.25 7.3 1.96 4.57 5.44 7.3 9.25 7.3h0Z\" stroke=\"currentColor\" stroke-width=\"1.5\" stroke-linecap=\"round\" stroke-linejoin=\"round\"\/>\n<\/svg><span class=\"wopb-tooltip-text-left\">Quick View<\/span><\/span><\/div><\/div><a href=\"https:\/\/antichefamiglietoscane.com\/fr\/accommodations\/initiation-aux-techniques-de-degustation-de-vins-et-cours-de-cuisine-copy-2\/\"><img decoding=\"async\" src=\"https:\/\/antichefamiglietoscane.com\/wp-content\/uploads\/2024\/04\/IMG_0032.jpg\" alt=\"Cours de cuisine au plus profond des mati\u00e8res premi\u00e8res\" \/><\/a><\/div><h3 class=\"wopb-block-title\"><a title=\"Cours de cuisine au plus profond des mati\u00e8res premi\u00e8res\"  href=\"https:\/\/antichefamiglietoscane.com\/fr\/accommodations\/initiation-aux-techniques-de-degustation-de-vins-et-cours-de-cuisine-copy-2\/\">Cours de cuisine au plus profond des mati\u00e8res premi\u00e8res<\/a><\/h3><div class=\"wopb-category-grid wopb-cat-none\"><a href=\"https:\/\/antichefamiglietoscane.com\/fr\/accommodations-category\/cours-de-cuisine-et-experiences\/\">Cours de cuisine et exp\u00e9riences<\/a><\/div><div class=\"wopb-short-description\">Initiation aux techniques de d\u00e9gustation des vins&#8230;<\/div><div class=\"wopb-product-price\">De\u00a0: <span class=\"woocommerce-Price-amount amount\"><bdi>200,00&nbsp;<span class=\"woocommerce-Price-currencySymbol\">&euro;<\/span><\/bdi><\/span><\/div><div class=\"wopb-star-rating\"><span style=\"width: 0%\"><strong itemprop=\"ratingValue\" class=\"wopb-rating\">0<\/strong>out of 5<\/span><\/div><div class=\"wopb-product-btn\"><div class=\"wopb-product-btn \"><span class=\"wopb-cart-action \" data-postid=\"4758\"><a href=\"https:\/\/antichefamiglietoscane.com\/fr\/accommodations\/initiation-aux-techniques-de-degustation-de-vins-et-cours-de-cuisine-copy-2\/\" class=\"add_to_cart_button wopb-cart-normal\" data-stock=\"\" aria-label=\"Read more about &ldquo;Cours de cuisine au plus profond des mati\u00e8res premi\u00e8res&rdquo;\" data-quantity=\"1\" data-product_id=\"4758\" data-product_sku=\"\" rel=\"nofollow\">Read more<\/a><a href=\"https:\/\/antichefamiglietoscane.com\/cart\/\" class=\"wopb-cart-active\">View Cart<\/a><\/span><\/div><\/div><\/div><\/div><div class=\"wopb-block-item \"><div class=\"wopb-block-content-wrap\"><div class=\"wopb-block-image wopb-block-image-none\"><div class=\"wopb-onsale-hot\"><\/div><div class=\"wopb-product-new-meta\"><div class=\"wopb-compare-btn wopb_meta_svg_con\"\n                data-action=\"add\"\n                data-added-action=\"popup\"\n                data-postid=\"4751\"\n                data-open-animation=\"wopb-zoom_in\"\n                data-close-animation=\"wopb-zoom_out\"\n                data-modal-loader=\"loader_1\"\n                data-modal_wrapper_class=\"\"\n            ><span class=\"wopb-tooltip-text\"><svg width=\"24\" height=\"24\" viewBox=\"0 0 24 24\" fill=\"none\">\n  <path d=\"M19.5 6H8a4 4 0 0 0-4 4v2m13-9 2.86 2.86a.2.2 0 0 1 0 .28L17 9\" stroke=\"currentColor\" stroke-width=\"1.5\" stroke-linecap=\"round\"\/>\n  <path d=\"M4.5 18H16a4 4 0 0 0 4-4v-2M7 21l-2.86-2.86a.2.2 0 0 1 0-.28L7 15\" stroke=\"currentColor\" stroke-width=\"1.5\" stroke-linecap=\"round\"\/>\n<\/svg><span class=\"wopb-tooltip-text-left\"><span>Compare<\/span><span>Added<\/span><\/span><\/span><\/div><div class=\"wopb_meta_svg_con wopb-wishlist-icon wopb-wishlist-add \"\n                data-action=\"add\"\n                data-added-action=\"popup\"\n                data-postid=\"4751\"\n                data-modal-loader=\"loader_1\"\n                data-modal_content_class=\"wopb-wishlist-wrapper\"\n            ><span class=\"wopb-tooltip-text\"><svg width=\"24\" height=\"24\" viewBox=\"0 0 24 24\" fill=\"none\">\n  <path d=\"m4.7 13.7 6.95 6.95c.2.2.5.2.7 0l6.94-6.94a5.24 5.24 0 0 0 0-7.42 4.66 4.66 0 0 0-6.58 0l-.66.66a.07.07 0 0 1-.1 0l-.66-.66a4.66 4.66 0 0 0-6.58 0 5.24 5.24 0 0 0 0 7.42Z\" stroke=\"currentColor\" stroke-width=\"1.5\"\/>\n  <path d=\"M16 7.83c.51 0 1.02.2 1.41.58.5.5.72 1.2.64 1.85\" stroke=\"currentColor\" stroke-width=\"1.5\" stroke-linecap=\"round\"\/>\n<\/svg><svg width=\"24\" height=\"24\" viewBox=\"0 0 24 24\" fill=\"none\">\n  <path fill-rule=\"evenodd\" clip-rule=\"evenodd\" d=\"M19.82 5.76a5.4 5.4 0 0 0-7.64 0l-.18.18-.18-.18a5.4 5.4 0 0 0-7.64 0 6 6 0 0 0 0 8.48l6.94 6.94c.48.48 1.28.48 1.76 0l6.94-6.94a6 6 0 0 0 0-8.48ZM16 7.08a.75.75 0 0 0 0 1.5c.32 0 .64.12.88.36.34.34.48.8.43 1.24a.75.75 0 0 0 1.49.17 3 3 0 0 0-.86-2.47 2.74 2.74 0 0 0-1.94-.8Z\" fill=\"currentColor\"\/>\n<\/svg><span class=\"wopb-tooltip-text-left\"><span>Add to Wishlist<\/span><span>Browse Wishlist<\/span><\/span><\/span><\/div><div\n            class=\"wopb-quickview-btn wopb_meta_svg_con\"\n            data-list=\"4758,4751,4724\"\n            data-postid=\"4751\"\n            data-modal_wrapper_class=\"wopb-quick-view-wrapper wopb-layout-1\"\n            data-open-animation=\"wopb-zoom_in\"\n            data-close-animation=\"wopb-zoom_out\"\n            data-modal-loader=\"loader_1\"\n            defaultWooPage=\"\"><span class=\"wopb-tooltip-text\"><svg width=\"24\" height=\"24\" viewBox=\"0 0 22 22\" fill=\"none\">\n  <path clip-rule=\"evenodd\" d=\"M15.16 12.05a3.16 3.16 0 1 1-6.32 0 3.16 3.16 0 0 1 6.32 0Z\" stroke=\"currentColor\" stroke-width=\"1.5\" stroke-linecap=\"round\" stroke-linejoin=\"round\"\/>\n  <path clip-rule=\"evenodd\" d=\"M12 19.35c3.8 0 7.29-2.73 9.25-7.3-1.96-4.56-5.44-7.3-9.25-7.3h0c-3.8 0-7.29 2.74-9.25 7.3 1.96 4.57 5.44 7.3 9.25 7.3h0Z\" stroke=\"currentColor\" stroke-width=\"1.5\" stroke-linecap=\"round\" stroke-linejoin=\"round\"\/>\n<\/svg><span class=\"wopb-tooltip-text-left\">Quick View<\/span><\/span><\/div><\/div><a href=\"https:\/\/antichefamiglietoscane.com\/fr\/accommodations\/initiation-aux-techniques-de-degustation-des-vins-et-cours-de-cuisine-sur-les-plats-associes-aux-vins-naturels-etudies\/\"><img decoding=\"async\" src=\"https:\/\/antichefamiglietoscane.com\/wp-content\/uploads\/2024\/04\/io-bicchiere-bottiglia-chef-scaled.jpg\" alt=\"Initiation aux techniques de d\u00e9gustation de vins et cours de cuisine\" \/><\/a><\/div><h3 class=\"wopb-block-title\"><a title=\"Initiation aux techniques de d\u00e9gustation de vins et cours de cuisine\"  href=\"https:\/\/antichefamiglietoscane.com\/fr\/accommodations\/initiation-aux-techniques-de-degustation-des-vins-et-cours-de-cuisine-sur-les-plats-associes-aux-vins-naturels-etudies\/\">Initiation aux techniques de d\u00e9gustation de vins et cours de cuisine<\/a><\/h3><div class=\"wopb-category-grid wopb-cat-none\"><a href=\"https:\/\/antichefamiglietoscane.com\/fr\/accommodations-category\/cours-de-cuisine-et-experiences\/\">Cours de cuisine et exp\u00e9riences<\/a><\/div><div class=\"wopb-short-description\">Initiation aux techniques de d\u00e9gustation des vins&#8230;<\/div><div class=\"wopb-product-price\">De\u00a0: <span class=\"woocommerce-Price-amount amount\"><bdi>200,00&nbsp;<span class=\"woocommerce-Price-currencySymbol\">&euro;<\/span><\/bdi><\/span><\/div><div class=\"wopb-star-rating\"><span style=\"width: 0%\"><strong itemprop=\"ratingValue\" class=\"wopb-rating\">0<\/strong>out of 5<\/span><\/div><div class=\"wopb-product-btn\"><div class=\"wopb-product-btn \"><span class=\"wopb-cart-action \" data-postid=\"4751\"><a href=\"https:\/\/antichefamiglietoscane.com\/fr\/accommodations\/initiation-aux-techniques-de-degustation-des-vins-et-cours-de-cuisine-sur-les-plats-associes-aux-vins-naturels-etudies\/\" class=\"add_to_cart_button wopb-cart-normal\" data-stock=\"\" aria-label=\"Read more about &ldquo;Initiation aux techniques de d\u00e9gustation de vins et cours de cuisine&rdquo;\" data-quantity=\"1\" data-product_id=\"4751\" data-product_sku=\"\" rel=\"nofollow\">Read more<\/a><a href=\"https:\/\/antichefamiglietoscane.com\/cart\/\" class=\"wopb-cart-active\">View Cart<\/a><\/span><\/div><\/div><\/div><\/div><div class=\"wopb-block-item \"><div class=\"wopb-block-content-wrap\"><div class=\"wopb-block-image wopb-block-image-none\"><div class=\"wopb-onsale-hot\"><\/div><div class=\"wopb-product-new-meta\"><div class=\"wopb-compare-btn wopb_meta_svg_con\"\n                data-action=\"add\"\n                data-added-action=\"popup\"\n                data-postid=\"4724\"\n                data-open-animation=\"wopb-zoom_in\"\n                data-close-animation=\"wopb-zoom_out\"\n                data-modal-loader=\"loader_1\"\n                data-modal_wrapper_class=\"\"\n            ><span class=\"wopb-tooltip-text\"><svg width=\"24\" height=\"24\" viewBox=\"0 0 24 24\" fill=\"none\">\n  <path d=\"M19.5 6H8a4 4 0 0 0-4 4v2m13-9 2.86 2.86a.2.2 0 0 1 0 .28L17 9\" stroke=\"currentColor\" stroke-width=\"1.5\" stroke-linecap=\"round\"\/>\n  <path d=\"M4.5 18H16a4 4 0 0 0 4-4v-2M7 21l-2.86-2.86a.2.2 0 0 1 0-.28L7 15\" stroke=\"currentColor\" stroke-width=\"1.5\" stroke-linecap=\"round\"\/>\n<\/svg><span class=\"wopb-tooltip-text-left\"><span>Compare<\/span><span>Added<\/span><\/span><\/span><\/div><div class=\"wopb_meta_svg_con wopb-wishlist-icon wopb-wishlist-add \"\n                data-action=\"add\"\n                data-added-action=\"popup\"\n                data-postid=\"4724\"\n                data-modal-loader=\"loader_1\"\n                data-modal_content_class=\"wopb-wishlist-wrapper\"\n            ><span class=\"wopb-tooltip-text\"><svg width=\"24\" height=\"24\" viewBox=\"0 0 24 24\" fill=\"none\">\n  <path d=\"m4.7 13.7 6.95 6.95c.2.2.5.2.7 0l6.94-6.94a5.24 5.24 0 0 0 0-7.42 4.66 4.66 0 0 0-6.58 0l-.66.66a.07.07 0 0 1-.1 0l-.66-.66a4.66 4.66 0 0 0-6.58 0 5.24 5.24 0 0 0 0 7.42Z\" stroke=\"currentColor\" stroke-width=\"1.5\"\/>\n  <path d=\"M16 7.83c.51 0 1.02.2 1.41.58.5.5.72 1.2.64 1.85\" stroke=\"currentColor\" stroke-width=\"1.5\" stroke-linecap=\"round\"\/>\n<\/svg><svg width=\"24\" height=\"24\" viewBox=\"0 0 24 24\" fill=\"none\">\n  <path fill-rule=\"evenodd\" clip-rule=\"evenodd\" d=\"M19.82 5.76a5.4 5.4 0 0 0-7.64 0l-.18.18-.18-.18a5.4 5.4 0 0 0-7.64 0 6 6 0 0 0 0 8.48l6.94 6.94c.48.48 1.28.48 1.76 0l6.94-6.94a6 6 0 0 0 0-8.48ZM16 7.08a.75.75 0 0 0 0 1.5c.32 0 .64.12.88.36.34.34.48.8.43 1.24a.75.75 0 0 0 1.49.17 3 3 0 0 0-.86-2.47 2.74 2.74 0 0 0-1.94-.8Z\" fill=\"currentColor\"\/>\n<\/svg><span class=\"wopb-tooltip-text-left\"><span>Add to Wishlist<\/span><span>Browse Wishlist<\/span><\/span><\/span><\/div><div\n            class=\"wopb-quickview-btn wopb_meta_svg_con\"\n            data-list=\"4758,4751,4724\"\n            data-postid=\"4724\"\n            data-modal_wrapper_class=\"wopb-quick-view-wrapper wopb-layout-1\"\n            data-open-animation=\"wopb-zoom_in\"\n            data-close-animation=\"wopb-zoom_out\"\n            data-modal-loader=\"loader_1\"\n            defaultWooPage=\"\"><span class=\"wopb-tooltip-text\"><svg width=\"24\" height=\"24\" viewBox=\"0 0 22 22\" fill=\"none\">\n  <path clip-rule=\"evenodd\" d=\"M15.16 12.05a3.16 3.16 0 1 1-6.32 0 3.16 3.16 0 0 1 6.32 0Z\" stroke=\"currentColor\" stroke-width=\"1.5\" stroke-linecap=\"round\" stroke-linejoin=\"round\"\/>\n  <path clip-rule=\"evenodd\" d=\"M12 19.35c3.8 0 7.29-2.73 9.25-7.3-1.96-4.56-5.44-7.3-9.25-7.3h0c-3.8 0-7.29 2.74-9.25 7.3 1.96 4.57 5.44 7.3 9.25 7.3h0Z\" stroke=\"currentColor\" stroke-width=\"1.5\" stroke-linecap=\"round\" stroke-linejoin=\"round\"\/>\n<\/svg><span class=\"wopb-tooltip-text-left\">Quick View<\/span><\/span><\/div><\/div><a href=\"https:\/\/antichefamiglietoscane.com\/fr\/accommodations\/chasse-aux-truffes-et-cours-de-cuisine\/\"><img decoding=\"async\" src=\"https:\/\/antichefamiglietoscane.com\/wp-content\/uploads\/2024\/04\/IMG_20240316_204215_4631-scaled.jpg\" alt=\"Chasse aux truffes et cours de cuisine\" \/><\/a><\/div><h3 class=\"wopb-block-title\"><a title=\"Chasse aux truffes et cours de cuisine\"  href=\"https:\/\/antichefamiglietoscane.com\/fr\/accommodations\/chasse-aux-truffes-et-cours-de-cuisine\/\">Chasse aux truffes et cours de cuisine<\/a><\/h3><div class=\"wopb-category-grid wopb-cat-none\"><a href=\"https:\/\/antichefamiglietoscane.com\/fr\/accommodations-category\/cours-de-cuisine-et-experiences\/\">Cours de cuisine et exp\u00e9riences<\/a><\/div><div class=\"wopb-short-description\">Chasse aux truffes avec un chasseur de&#8230;<\/div><div class=\"wopb-product-price\">De\u00a0: <span class=\"woocommerce-Price-amount amount\"><bdi>220,00&nbsp;<span class=\"woocommerce-Price-currencySymbol\">&euro;<\/span><\/bdi><\/span><\/div><div class=\"wopb-star-rating\"><span style=\"width: 0%\"><strong itemprop=\"ratingValue\" class=\"wopb-rating\">0<\/strong>out of 5<\/span><\/div><div class=\"wopb-product-btn\"><div class=\"wopb-product-btn \"><span class=\"wopb-cart-action \" data-postid=\"4724\"><a href=\"https:\/\/antichefamiglietoscane.com\/fr\/accommodations\/chasse-aux-truffes-et-cours-de-cuisine\/\" class=\"add_to_cart_button wopb-cart-normal\" data-stock=\"\" aria-label=\"Read more about &ldquo;Chasse aux truffes et cours de cuisine&rdquo;\" data-quantity=\"1\" data-product_id=\"4724\" data-product_sku=\"\" rel=\"nofollow\">Read more<\/a><a href=\"https:\/\/antichefamiglietoscane.com\/cart\/\" class=\"wopb-cart-active\">View Cart<\/a><\/span><\/div><\/div><\/div><\/div><\/div><\/div><\/div><\/div>","protected":false},"excerpt":{"rendered":"<p>Une \u00e9cole de cuisine non seulement en Toscane, non seulement dans le complexe monumental de notre villa Cavaglioni, mais aussi dans la cuisine de l&#8217;un des restaurants les plus appr\u00e9ci\u00e9s de notre r\u00e9gion, notre Agri Restaurant L&#8217;Ocio Giulivo.Nous nous r\u00e9jouissons de vous accueillir pour un voyage culinaire, combin\u00e9 \u00e0 d&#8217;autres exp\u00e9riences \u00e9ducatives et amusantes avec [&hellip;]<\/p>\n","protected":false},"author":1,"featured_media":0,"parent":0,"menu_order":0,"comment_status":"closed","ping_status":"closed","template":"","meta":{"site-sidebar-layout":"default","site-content-layout":"","ast-site-content-layout":"default","site-content-style":"default","site-sidebar-style":"default","ast-global-header-display":"","ast-banner-title-visibility":"","ast-main-header-display":"","ast-hfb-above-header-display":"","ast-hfb-below-header-display":"","ast-hfb-mobile-header-display":"","site-post-title":"","ast-breadcrumbs-content":"","ast-featured-img":"","footer-sml-layout":"","ast-disable-related-posts":"","theme-transparent-header-meta":"","adv-header-id-meta":"","stick-header-meta":"","header-above-stick-meta":"","header-main-stick-meta":"","header-below-stick-meta":"","astra-migrate-meta-layouts":"default","ast-page-background-enabled":"default","ast-page-background-meta":{"desktop":{"background-color":"","background-image":"","background-repeat":"repeat","background-position":"center center","background-size":"auto","background-attachment":"scroll","background-type":"","background-media":"","overlay-type":"","overlay-color":"","overlay-opacity":"","overlay-gradient":""},"tablet":{"background-color":"","background-image":"","background-repeat":"repeat","background-position":"center center","background-size":"auto","background-attachment":"scroll","background-type":"","background-media":"","overlay-type":"","overlay-color":"","overlay-opacity":"","overlay-gradient":""},"mobile":{"background-color":"","background-image":"","background-repeat":"repeat","background-position":"center center","background-size":"auto","background-attachment":"scroll","background-type":"","background-media":"","overlay-type":"","overlay-color":"","overlay-opacity":"","overlay-gradient":""}},"ast-content-background-meta":{"desktop":{"background-color":"var(--ast-global-color-5)","background-image":"","background-repeat":"repeat","background-position":"center center","background-size":"auto","background-attachment":"scroll","background-type":"","background-media":"","overlay-type":"","overlay-color":"","overlay-opacity":"","overlay-gradient":""},"tablet":{"background-color":"var(--ast-global-color-5)","background-image":"","background-repeat":"repeat","background-position":"center center","background-size":"auto","background-attachment":"scroll","background-type":"","background-media":"","overlay-type":"","overlay-color":"","overlay-opacity":"","overlay-gradient":""},"mobile":{"background-color":"var(--ast-global-color-5)","background-image":"","background-repeat":"repeat","background-position":"center center","background-size":"auto","background-attachment":"scroll","background-type":"","background-media":"","overlay-type":"","overlay-color":"","overlay-opacity":"","overlay-gradient":""}},"footnotes":""},"class_list":["post-4746","page","type-page","status-publish","hentry"],"_links":{"self":[{"href":"https:\/\/antichefamiglietoscane.com\/fr\/wp-json\/wp\/v2\/pages\/4746","targetHints":{"allow":["GET"]}}],"collection":[{"href":"https:\/\/antichefamiglietoscane.com\/fr\/wp-json\/wp\/v2\/pages"}],"about":[{"href":"https:\/\/antichefamiglietoscane.com\/fr\/wp-json\/wp\/v2\/types\/page"}],"author":[{"embeddable":true,"href":"https:\/\/antichefamiglietoscane.com\/fr\/wp-json\/wp\/v2\/users\/1"}],"replies":[{"embeddable":true,"href":"https:\/\/antichefamiglietoscane.com\/fr\/wp-json\/wp\/v2\/comments?post=4746"}],"version-history":[{"count":7,"href":"https:\/\/antichefamiglietoscane.com\/fr\/wp-json\/wp\/v2\/pages\/4746\/revisions"}],"predecessor-version":[{"id":4826,"href":"https:\/\/antichefamiglietoscane.com\/fr\/wp-json\/wp\/v2\/pages\/4746\/revisions\/4826"}],"wp:attachment":[{"href":"https:\/\/antichefamiglietoscane.com\/fr\/wp-json\/wp\/v2\/media?parent=4746"}],"curies":[{"name":"wp","href":"https:\/\/api.w.org\/{rel}","templated":true}]}}