{"id":3792,"date":"2016-03-13T16:30:29","date_gmt":"2016-03-13T16:30:29","guid":{"rendered":"https:\/\/antichefamiglietoscane.com\/evenements-et-mariages\/"},"modified":"2016-03-13T16:30:29","modified_gmt":"2016-03-13T16:30:29","slug":"evenements-et-mariages","status":"publish","type":"page","link":"https:\/\/antichefamiglietoscane.com\/fr\/evenements-et-mariages\/","title":{"rendered":"\u00c9v\u00e9nements et mariages"},"content":{"rendered":"<p>Planifiez vos moments les plus importants avec notre soutien professionnel et dans nos magnifiques lieux.<br \/>\nNous organisons le mariage de vos r\u00eaves dans des lieux magnifiques tels qu&#8217;un charmant ch\u00e2teau, des jardins \u00e0 l&#8217;italienne, des oliveraies et d&#8217;autres endroits qui offrent tous une vue imprenable sur la Toscane.<br \/>\nNous pouvons nous charger de tous les arrangements, de la c\u00e9r\u00e9monie au cort\u00e8ge de la mari\u00e9e, du photographe aux fleurs. Nous pouvons \u00eatre votre point de r\u00e9f\u00e9rence unique pour chaque besoin, en \u00e9vitant les agences co\u00fbteuses et les organisateurs de mariage externes.<\/p>\n","protected":false},"excerpt":{"rendered":"<p>Planifiez vos moments les plus importants avec notre soutien professionnel et dans nos magnifiques lieux. Nous organisons le mariage de vos r\u00eaves dans des lieux magnifiques tels qu&#8217;un charmant ch\u00e2teau, des jardins \u00e0 l&#8217;italienne, des oliveraies et d&#8217;autres endroits qui offrent tous une vue imprenable sur la Toscane. Nous pouvons nous charger de tous les [&hellip;]<\/p>\n","protected":false},"author":2,"featured_media":0,"parent":0,"menu_order":0,"comment_status":"closed","ping_status":"closed","template":"","meta":{"site-sidebar-layout":"default","site-content-layout":"default","ast-site-content-layout":"default","site-content-style":"default","site-sidebar-style":"default","ast-global-header-display":"","ast-banner-title-visibility":"","ast-main-header-display":"","ast-hfb-above-header-display":"","ast-hfb-below-header-display":"","ast-hfb-mobile-header-display":"","site-post-title":"","ast-breadcrumbs-content":"","ast-featured-img":"","footer-sml-layout":"","ast-disable-related-posts":"","theme-transparent-header-meta":"","adv-header-id-meta":"","stick-header-meta":"","header-above-stick-meta":"","header-main-stick-meta":"","header-below-stick-meta":"","astra-migrate-meta-layouts":"default","ast-page-background-enabled":"default","ast-page-background-meta":{"desktop":{"background-color":"","background-image":"","background-repeat":"repeat","background-position":"center center","background-size":"auto","background-attachment":"scroll","background-type":"","background-media":"","overlay-type":"","overlay-color":"","overlay-opacity":"","overlay-gradient":""},"tablet":{"background-color":"","background-image":"","background-repeat":"repeat","background-position":"center center","background-size":"auto","background-attachment":"scroll","background-type":"","background-media":"","overlay-type":"","overlay-color":"","overlay-opacity":"","overlay-gradient":""},"mobile":{"background-color":"","background-image":"","background-repeat":"repeat","background-position":"center center","background-size":"auto","background-attachment":"scroll","background-type":"","background-media":"","overlay-type":"","overlay-color":"","overlay-opacity":"","overlay-gradient":""}},"ast-content-background-meta":{"desktop":{"background-color":"var(--ast-global-color-5)","background-image":"","background-repeat":"repeat","background-position":"center center","background-size":"auto","background-attachment":"scroll","background-type":"","background-media":"","overlay-type":"","overlay-color":"","overlay-opacity":"","overlay-gradient":""},"tablet":{"background-color":"var(--ast-global-color-5)","background-image":"","background-repeat":"repeat","background-position":"center center","background-size":"auto","background-attachment":"scroll","background-type":"","background-media":"","overlay-type":"","overlay-color":"","overlay-opacity":"","overlay-gradient":""},"mobile":{"background-color":"var(--ast-global-color-5)","background-image":"","background-repeat":"repeat","background-position":"center center","background-size":"auto","background-attachment":"scroll","background-type":"","background-media":"","overlay-type":"","overlay-color":"","overlay-opacity":"","overlay-gradient":""}},"footnotes":""},"class_list":["post-3792","page","type-page","status-publish","hentry"],"_links":{"self":[{"href":"https:\/\/antichefamiglietoscane.com\/fr\/wp-json\/wp\/v2\/pages\/3792","targetHints":{"allow":["GET"]}}],"collection":[{"href":"https:\/\/antichefamiglietoscane.com\/fr\/wp-json\/wp\/v2\/pages"}],"about":[{"href":"https:\/\/antichefamiglietoscane.com\/fr\/wp-json\/wp\/v2\/types\/page"}],"author":[{"embeddable":true,"href":"https:\/\/antichefamiglietoscane.com\/fr\/wp-json\/wp\/v2\/users\/2"}],"replies":[{"embeddable":true,"href":"https:\/\/antichefamiglietoscane.com\/fr\/wp-json\/wp\/v2\/comments?post=3792"}],"version-history":[{"count":0,"href":"https:\/\/antichefamiglietoscane.com\/fr\/wp-json\/wp\/v2\/pages\/3792\/revisions"}],"wp:attachment":[{"href":"https:\/\/antichefamiglietoscane.com\/fr\/wp-json\/wp\/v2\/media?parent=3792"}],"curies":[{"name":"wp","href":"https:\/\/api.w.org\/{rel}","templated":true}]}}