{"id":3680,"date":"2018-06-15T13:01:14","date_gmt":"2018-06-15T11:01:14","guid":{"rendered":"https:\/\/antichefamiglietoscane.com\/ferme-de-cavaglioni-sienne\/"},"modified":"2024-08-19T12:29:49","modified_gmt":"2024-08-19T10:29:49","slug":"ferme-de-cavaglioni-sienne","status":"publish","type":"page","link":"https:\/\/antichefamiglietoscane.com\/fr\/ferme-de-cavaglioni-sienne\/","title":{"rendered":"Ferme de Cavaglioni &#8211; Sienne"},"content":{"rendered":"\n<figure class=\"wp-block-image alignleft size-medium\"><a href=\"https:\/\/antichefamiglietoscane.com\/wp-content\/uploads\/2023\/07\/DJI_0098.jpg\"><img loading=\"lazy\" decoding=\"async\" width=\"300\" height=\"225\" src=\"https:\/\/antichefamiglietoscane.com\/wp-content\/uploads\/2023\/07\/DJI_0098-300x225.jpg\" alt=\"\" class=\"wp-image-4361\" srcset=\"https:\/\/antichefamiglietoscane.com\/wp-content\/uploads\/2023\/07\/DJI_0098-300x225.jpg 300w, https:\/\/antichefamiglietoscane.com\/wp-content\/uploads\/2023\/07\/DJI_0098-1024x768.jpg 1024w, https:\/\/antichefamiglietoscane.com\/wp-content\/uploads\/2023\/07\/DJI_0098-768x576.jpg 768w, https:\/\/antichefamiglietoscane.com\/wp-content\/uploads\/2023\/07\/DJI_0098-600x450.jpg 600w, https:\/\/antichefamiglietoscane.com\/wp-content\/uploads\/2023\/07\/DJI_0098.jpg 1200w\" sizes=\"auto, (max-width: 300px) 100vw, 300px\" \/><\/a><figcaption class=\"wp-element-caption\">Maison Cavaglioni<\/figcaption><\/figure>\n\n<p>Cette grande ferme est situ\u00e9e dans un parc entour\u00e9 de murs, \u00e0 la lisi\u00e8re du petit village florissant de San Rocco (\u00e0 15 minutes du centre de Sienne) et s&#8217;\u00e9tend jusqu&#8217;\u00e0 la riche vall\u00e9e de Val di Merse. Le paysage qui entoure la ferme est l&#8217;un des plus spirituels et sereins des environs de Sienne ; des petits bois et des cypr\u00e8s alternent avec des pelouses et des champs. La Villa monumentale domine le territoire et t\u00e9moigne de son importance historique \u00e0 travers la Renaissance et l&#8217;\u00e8re napol\u00e9onienne. Des murs anciens entourent cette b\u00e2tisse dans un endroit tranquille avec son joli jardin, son potager et ses magasins de ferme. Les cottages se trouvent de l&#8217;autre c\u00f4t\u00e9 des champs de la Villa : il s&#8217;agit d&#8217;anciennes fermes \u00e0 l&#8217;architecture typiquement toscane. Il <b>Colombaio<\/b> est un hameau m\u00e9di\u00e9val o\u00f9 se trouve l&#8217;appartement ind\u00e9pendant Il Serravalle, d&#8217;o\u00f9 l&#8217;on a une belle vue sur la campagne et l&#8217;espace vert pour les h\u00f4tes en illimit\u00e9. Il est possible de voir la vie rurale se poursuivre dans les champs, ainsi qu&#8217;une vie sauvage intacte le long des mares et des bois. Ainsi, entour\u00e9 par la campagne, mais commod\u00e9ment proche du village et \u00e0 seulement 9 km du centre de Sienne ! Un lieu id\u00e9al pour vos vacances culturelles et champ\u00eatres.<\/p>\n\n<p>Dans l&#8217;une des plus belles r\u00e9gions de <b>Toscane,<\/b> cette ferme offre une immersion dans notre histoire, notre culture et nos traditions. <b>Sienne<\/b> est une ville d&#8217;art impressionnante, comparable \u00e0 Rome, Florence et Venise en termes de richesse culturelle. Sienne a un &#8220;charme&#8221; pour chaque saison, et en \u00e9t\u00e9 a lieu la traditionnelle course de chevaux, le <strong>Palio<\/strong>. Les environs de Sienne offrent une grande vari\u00e9t\u00e9 de paysages, de la mer \u00e0 la montagne, des for\u00eats sauvages aux villes anciennes : vous ferez l&#8217;exp\u00e9rience de la fusion ultime entre la civilisation ancienne et la pens\u00e9e moderne. <strong>San Rocco a Pilli<\/strong> dispose de tout ce dont vous avez besoin : 2 banques, tous les magasins n\u00e9cessaires, un march\u00e9 et le restaurant traditionnel, ainsi que la &#8220;pizzeria&#8221;. Le bus pour Sienne circule toutes les 30 minutes.<\/p>\n\n<h6 class=\"wp-block-heading\">O\u00f9 est&#8230;<\/h6>\n\n<h6 class=\"wp-block-heading\">Comment nous joindre<\/h6>\n\n<p>Cavaglioni se trouve \u00e0 9 km au sud de Sienne. De l\u00e0, tous les lieux les plus importants \u00e0 visiter sont facilement accessibles : San Gimignano, Montalcino, Florence, la r\u00e9gion du Chianti et toutes les zones les plus importantes pour le vin et l&#8217;huile d&#8217;olive. L&#8217;emplacement est strat\u00e9gique pour atteindre tous les endroits du centre de l&#8217;Italie que vous visiterez pendant vos vacances.<\/p>\n\n<p><strong>Pour rejoindre la ferme Cavaglioni<\/strong>, prendre la route SS. 223 de Sienne, direction Grosseto. Apr\u00e8s 9 km, sortir \u00e0 San Rocco a Pilli. Apr\u00e8s 1 km, tournez \u00e0 gauche dans la Via del Poggetto ; l&#8217;entr\u00e9e est le premier portail sur la gauche.<\/p>\n\n<h6 class=\"wp-block-heading\">Villes et mobilit\u00e9<\/h6>\n\n<h6 class=\"wp-block-heading\">Services locaux<\/h6>\n\n<ul class=\"wp-block-list\">\n<li>Sienne : 9 Km<\/li>\n\n\n\n<li>Florence : 65 Km<\/li>\n\n\n\n<li>Rome : 270 Km<\/li>\n\n\n\n<li>A\u00e9roports : \u00e0 Florence, Pise et Rome<\/li>\n\n\n\n<li>Gare ferroviaire (Sienne) : 10 Km<\/li>\n\n\n\n<li>Arr\u00eat de bus : 50 m.<\/li>\n\n\n\n<li>Autoroute A1 : 65 Km<\/li>\n\n\n\n<li>Route Sienne-Grosseto (SS 223) : 1 Km<\/li>\n<\/ul>\n\n<ul class=\"wp-block-list\">\n<li>Commerces : 100 m<\/li>\n\n\n\n<li>Super march\u00e9 : 200 m<\/li>\n\n\n\n<li>Piscine : dans la ferme<\/li>\n\n\n\n<li>Golf : 1 Km<\/li>\n\n\n\n<li>Tennis : 9 Km<\/li>\n\n\n\n<li>Chevaux : 2 Km<\/li>\n\n\n\n<li>P\u00eache : 1 Km<\/li>\n\n\n\n<li>Produits typiques : \u00e0 la ferme<\/li>\n\n\n\n<li>H\u00f4pital : 10 Km<\/li>\n<\/ul>\n\n","protected":false},"excerpt":{"rendered":"<p>Cette grande ferme est situ\u00e9e dans un parc entour\u00e9 de murs, \u00e0 la lisi\u00e8re du petit village florissant de San Rocco (\u00e0 15 minutes du centre de Sienne) et s&#8217;\u00e9tend jusqu&#8217;\u00e0 la riche vall\u00e9e de Val di Merse. Le paysage qui entoure la ferme est l&#8217;un des plus spirituels et sereins des environs de Sienne [&hellip;]<\/p>\n","protected":false},"author":1,"featured_media":0,"parent":0,"menu_order":0,"comment_status":"closed","ping_status":"closed","template":"","meta":{"site-sidebar-layout":"right-sidebar","site-content-layout":"default","ast-site-content-layout":"default","site-content-style":"default","site-sidebar-style":"default","ast-global-header-display":"","ast-banner-title-visibility":"","ast-main-header-display":"","ast-hfb-above-header-display":"","ast-hfb-below-header-display":"","ast-hfb-mobile-header-display":"","site-post-title":"","ast-breadcrumbs-content":"","ast-featured-img":"disabled","footer-sml-layout":"","ast-disable-related-posts":"","theme-transparent-header-meta":"","adv-header-id-meta":"","stick-header-meta":"","header-above-stick-meta":"","header-main-stick-meta":"","header-below-stick-meta":"","astra-migrate-meta-layouts":"default","ast-page-background-enabled":"default","ast-page-background-meta":{"desktop":{"background-color":"","background-image":"","background-repeat":"repeat","background-position":"center center","background-size":"auto","background-attachment":"scroll","background-type":"","background-media":"","overlay-type":"","overlay-color":"","overlay-opacity":"","overlay-gradient":""},"tablet":{"background-color":"","background-image":"","background-repeat":"repeat","background-position":"center center","background-size":"auto","background-attachment":"scroll","background-type":"","background-media":"","overlay-type":"","overlay-color":"","overlay-opacity":"","overlay-gradient":""},"mobile":{"background-color":"","background-image":"","background-repeat":"repeat","background-position":"center center","background-size":"auto","background-attachment":"scroll","background-type":"","background-media":"","overlay-type":"","overlay-color":"","overlay-opacity":"","overlay-gradient":""}},"ast-content-background-meta":{"desktop":{"background-color":"var(--ast-global-color-5)","background-image":"","background-repeat":"repeat","background-position":"center center","background-size":"auto","background-attachment":"scroll","background-type":"","background-media":"","overlay-type":"","overlay-color":"","overlay-opacity":"","overlay-gradient":""},"tablet":{"background-color":"var(--ast-global-color-5)","background-image":"","background-repeat":"repeat","background-position":"center center","background-size":"auto","background-attachment":"scroll","background-type":"","background-media":"","overlay-type":"","overlay-color":"","overlay-opacity":"","overlay-gradient":""},"mobile":{"background-color":"var(--ast-global-color-5)","background-image":"","background-repeat":"repeat","background-position":"center center","background-size":"auto","background-attachment":"scroll","background-type":"","background-media":"","overlay-type":"","overlay-color":"","overlay-opacity":"","overlay-gradient":""}},"footnotes":""},"class_list":["post-3680","page","type-page","status-publish","hentry"],"_links":{"self":[{"href":"https:\/\/antichefamiglietoscane.com\/fr\/wp-json\/wp\/v2\/pages\/3680","targetHints":{"allow":["GET"]}}],"collection":[{"href":"https:\/\/antichefamiglietoscane.com\/fr\/wp-json\/wp\/v2\/pages"}],"about":[{"href":"https:\/\/antichefamiglietoscane.com\/fr\/wp-json\/wp\/v2\/types\/page"}],"author":[{"embeddable":true,"href":"https:\/\/antichefamiglietoscane.com\/fr\/wp-json\/wp\/v2\/users\/1"}],"replies":[{"embeddable":true,"href":"https:\/\/antichefamiglietoscane.com\/fr\/wp-json\/wp\/v2\/comments?post=3680"}],"version-history":[{"count":3,"href":"https:\/\/antichefamiglietoscane.com\/fr\/wp-json\/wp\/v2\/pages\/3680\/revisions"}],"predecessor-version":[{"id":4838,"href":"https:\/\/antichefamiglietoscane.com\/fr\/wp-json\/wp\/v2\/pages\/3680\/revisions\/4838"}],"wp:attachment":[{"href":"https:\/\/antichefamiglietoscane.com\/fr\/wp-json\/wp\/v2\/media?parent=3680"}],"curies":[{"name":"wp","href":"https:\/\/api.w.org\/{rel}","templated":true}]}}