{"id":3679,"date":"2023-07-21T07:34:08","date_gmt":"2023-07-21T07:34:08","guid":{"rendered":"https:\/\/antichefamiglietoscane.com\/fattoria-palazzo-di-piero\/"},"modified":"2023-07-21T08:19:52","modified_gmt":"2023-07-21T08:19:52","slug":"fattoria-palazzo-di-piero","status":"publish","type":"page","link":"https:\/\/antichefamiglietoscane.com\/fr\/fattoria-palazzo-di-piero\/","title":{"rendered":"Fattoria Palazzo di Piero"},"content":{"rendered":"\n<p>Situ\u00e9 dans l&#8217;une des zones les plus idylliques de la Toscane, le Palazzo di Piero a une fascination particuli\u00e8re pour les sites historiques. Il est compos\u00e9 de maisons anciennes, de pins, de vignes, d&#8217;oliviers, d&#8217;\u00e9tangs et de bois. \u00c0 l&#8217;extr\u00e9mit\u00e9 d&#8217;un viale alberato se trouve la grande r\u00e9sidence m\u00e9di\u00e9vale avec sa loggia \u00e9l\u00e9gante et son campanile, sa chapelle affrescata du XVIe si\u00e8cle et son gracieux jardin int\u00e9rieur.<\/p>\n\n<p>La fattoria se trouve \u00e0 proximit\u00e9 de Sarteano (2 km), de Chianciano (4 km), c\u00e9l\u00e8bres pour leur acque termali, et de Chiusi, riche en sites arch\u00e9ologiques fascinants et proche de la fronti\u00e8re entre l&#8217;Ombrie et la Toscane. Cette zone offre non seulement des vacances salutaires et une vari\u00e9t\u00e9 d&#8217;activit\u00e9s \u00e0 l&#8217;ext\u00e9rieur, mais elle constitue \u00e9galement un point de d\u00e9part int\u00e9ressant pour d\u00e9couvrir la culture et les traditions de cette r\u00e9gion.<\/p>\n\n<p>La propri\u00e9t\u00e9 se trouve \u00e0 moins de 4 km de l&#8217;autoroute A1, qui fait de la propri\u00e9t\u00e9 un centre pour les principales visites touristiques. Florence, P\u00e9rouse et Assise sont toutes facilement accessibles, Gubbio et Orvieto \u00e0 moins d&#8217;une heure de voiture. Roma pu\u00f2 essere raggiunta sia in treno da Chiusi, sia in due ore di auto.<\/p>\n\n<p>La Valdichiana est une excellente base de vacances, qui couvre aussi bien la r\u00e9gion de Sienne que celle de l&#8217;Ombrie, au bord du lac Trasimeno. C&#8217;\u00e9tait l&#8217;un des jours les plus importants des \u00c9trusques ; la ville de Chiusi \u00e9tait un point de chute avant la fondation de Rome. Chaque endroit de la campagne peut contenir un t\u00e9moignage : une petite \u00e9glise avec un op\u00e9ra d&#8217;art reconnu ou un souvenir ancien d&#8217;une bataille. La nature rend cette zone tr\u00e8s vari\u00e9e et unique.<\/p>\n\n<p>Smart Slider avec ID : 8<\/p>\n\n<h6 class=\"wp-block-heading\">O\u00f9 est&#8230;<\/h6>\n\n<h6 class=\"wp-block-heading\">Comment nous joindre<\/h6>\n\n<p>Palazzo di Piero se trouve dans la partie sud de la province de Sienne, la plus \u00e9tendue de la Toscane, entre le Val di Chiana (c\u00e9l\u00e8bre pour sa riche agriculture) et le Val d&#8217;Orcia. Les villes autour de la ferme (Montalcino, Montepulciano et Pienza) sont tr\u00e8s anciennes et c\u00e9l\u00e8bres pour leur production de vin et de fromage et se trouvent \u00e0 moins d&#8217;une heure de route.<\/p>\n\n<p><strong>Pour acc\u00e9der au Palazzo di Piero<\/strong>: de l&#8217;autoroute A1, sortir \u00e0 Chiusi-Chianciano. Prendre la direction de Chianciano ; apr\u00e8s 4 km, il y a une route blanche avec des arbres des deux c\u00f4t\u00e9s qui m\u00e8ne \u00e0 la ferme.<\/p>\n\n<h6 class=\"wp-block-heading\">Villes et mobilit\u00e9<\/h6>\n\n<h6 class=\"wp-block-heading\">Services locaux<\/h6>\n\n<ul class=\"wp-block-list\">\n<li>Sienne : 80 Km<\/li>\n\n\n\n<li>Florence : 100 Km<\/li>\n\n\n\n<li>Rome : 190 Km<\/li>\n\n\n\n<li>A\u00e9roports : \u00e0 Florence et \u00e0 Rome<\/li>\n\n\n\n<li>Gare ferroviaire (Chiusi) : 11 Km<\/li>\n\n\n\n<li>Arr\u00eat de bus : 1 Km<\/li>\n\n\n\n<li>A1 : 6 Km<\/li>\n<\/ul>\n\n<ul class=\"wp-block-list\">\n<li>Piscine : dans la ferme<\/li>\n\n\n\n<li>Tennis : 4 Km<\/li>\n\n\n\n<li>Chevaux : 2 Km<\/li>\n\n\n\n<li>Golf : 3 Km<\/li>\n\n\n\n<li>P\u00eache : \u00e0 la ferme<\/li>\n\n\n\n<li>Produits typiques : \u00e0 la ferme<\/li>\n\n\n\n<li>H\u00f4pital : 8 Km<\/li>\n<\/ul>\n\n<figure class=\"wp-block-embed\"><div class=\"wp-block-embed__wrapper\">\nhttps:\/\/maps.google.com\/maps?q=palazzo%20di%20piero&#038;t=m&#038;z=12&#038;output=embed&#038;iwloc=near\n<\/div><\/figure>\n","protected":false},"excerpt":{"rendered":"<p>Situ\u00e9 dans l&#8217;une des zones les plus idylliques de la Toscane, le Palazzo di Piero a une fascination particuli\u00e8re pour les sites historiques. Il est compos\u00e9 de maisons anciennes, de pins, de vignes, d&#8217;oliviers, d&#8217;\u00e9tangs et de bois. \u00c0 l&#8217;extr\u00e9mit\u00e9 d&#8217;un viale alberato se trouve la grande r\u00e9sidence m\u00e9di\u00e9vale avec sa loggia \u00e9l\u00e9gante et son [&hellip;]<\/p>\n","protected":false},"author":1,"featured_media":0,"parent":0,"menu_order":0,"comment_status":"closed","ping_status":"closed","template":"","meta":{"site-sidebar-layout":"right-sidebar","site-content-layout":"default","ast-site-content-layout":"default","site-content-style":"default","site-sidebar-style":"default","ast-global-header-display":"","ast-banner-title-visibility":"","ast-main-header-display":"","ast-hfb-above-header-display":"","ast-hfb-below-header-display":"","ast-hfb-mobile-header-display":"","site-post-title":"","ast-breadcrumbs-content":"","ast-featured-img":"disabled","footer-sml-layout":"","ast-disable-related-posts":"","theme-transparent-header-meta":"","adv-header-id-meta":"","stick-header-meta":"","header-above-stick-meta":"","header-main-stick-meta":"","header-below-stick-meta":"","astra-migrate-meta-layouts":"default","ast-page-background-enabled":"default","ast-page-background-meta":{"desktop":{"background-color":"","background-image":"","background-repeat":"repeat","background-position":"center center","background-size":"auto","background-attachment":"scroll","background-type":"","background-media":"","overlay-type":"","overlay-color":"","overlay-opacity":"","overlay-gradient":""},"tablet":{"background-color":"","background-image":"","background-repeat":"repeat","background-position":"center center","background-size":"auto","background-attachment":"scroll","background-type":"","background-media":"","overlay-type":"","overlay-color":"","overlay-opacity":"","overlay-gradient":""},"mobile":{"background-color":"","background-image":"","background-repeat":"repeat","background-position":"center center","background-size":"auto","background-attachment":"scroll","background-type":"","background-media":"","overlay-type":"","overlay-color":"","overlay-opacity":"","overlay-gradient":""}},"ast-content-background-meta":{"desktop":{"background-color":"var(--ast-global-color-5)","background-image":"","background-repeat":"repeat","background-position":"center center","background-size":"auto","background-attachment":"scroll","background-type":"","background-media":"","overlay-type":"","overlay-color":"","overlay-opacity":"","overlay-gradient":""},"tablet":{"background-color":"var(--ast-global-color-5)","background-image":"","background-repeat":"repeat","background-position":"center center","background-size":"auto","background-attachment":"scroll","background-type":"","background-media":"","overlay-type":"","overlay-color":"","overlay-opacity":"","overlay-gradient":""},"mobile":{"background-color":"var(--ast-global-color-5)","background-image":"","background-repeat":"repeat","background-position":"center center","background-size":"auto","background-attachment":"scroll","background-type":"","background-media":"","overlay-type":"","overlay-color":"","overlay-opacity":"","overlay-gradient":""}},"footnotes":""},"class_list":["post-3679","page","type-page","status-publish","hentry"],"_links":{"self":[{"href":"https:\/\/antichefamiglietoscane.com\/fr\/wp-json\/wp\/v2\/pages\/3679","targetHints":{"allow":["GET"]}}],"collection":[{"href":"https:\/\/antichefamiglietoscane.com\/fr\/wp-json\/wp\/v2\/pages"}],"about":[{"href":"https:\/\/antichefamiglietoscane.com\/fr\/wp-json\/wp\/v2\/types\/page"}],"author":[{"embeddable":true,"href":"https:\/\/antichefamiglietoscane.com\/fr\/wp-json\/wp\/v2\/users\/1"}],"replies":[{"embeddable":true,"href":"https:\/\/antichefamiglietoscane.com\/fr\/wp-json\/wp\/v2\/comments?post=3679"}],"version-history":[{"count":1,"href":"https:\/\/antichefamiglietoscane.com\/fr\/wp-json\/wp\/v2\/pages\/3679\/revisions"}],"predecessor-version":[{"id":3681,"href":"https:\/\/antichefamiglietoscane.com\/fr\/wp-json\/wp\/v2\/pages\/3679\/revisions\/3681"}],"wp:attachment":[{"href":"https:\/\/antichefamiglietoscane.com\/fr\/wp-json\/wp\/v2\/media?parent=3679"}],"curies":[{"name":"wp","href":"https:\/\/api.w.org\/{rel}","templated":true}]}}