{"id":3674,"date":"2018-06-16T16:20:55","date_gmt":"2018-06-16T14:20:55","guid":{"rendered":"https:\/\/antichefamiglietoscane.com\/ferme-du-palazzo-di-piero-sienne\/"},"modified":"2024-08-19T12:29:50","modified_gmt":"2024-08-19T10:29:50","slug":"ferme-du-palazzo-di-piero-sienne","status":"publish","type":"page","link":"https:\/\/antichefamiglietoscane.com\/fr\/ferme-du-palazzo-di-piero-sienne\/","title":{"rendered":"Ferme du Palazzo di Piero &#8211; Sienne"},"content":{"rendered":"\n<p>Situ\u00e9 dans l&#8217;une des parties les plus idylliques de la Toscane et cach\u00e9 parmi les ch\u00eanes verts s\u00e9culaires, les pins, les vignobles, les oliveraies, les \u00e9tangs et les ruisseaux, le Palazzo di Piero poss\u00e8de le charme particulier des sites \u00e9trusques. Au bout d&#8217;une all\u00e9e bord\u00e9e de ch\u00eanes se trouve la grande demeure m\u00e9di\u00e9vale avec son \u00e9l\u00e9gante loggia et son clocher, sa chapelle peinte de fresques du XVIe si\u00e8cle et sa charmante cour int\u00e9rieure.L&#8217;exploitation se trouve \u00e0 proximit\u00e9 de Sarteano (2 km), de Chianciano (4 km), c\u00e9l\u00e8bre pour ses eaux thermales, et de Chiusi, riche en sites arch\u00e9ologiques fascinants et proche de la fronti\u00e8re entre l&#8217;Ombrie et la Toscane. Cette r\u00e9gion offre non seulement des vacances saines et une vari\u00e9t\u00e9 d&#8217;activit\u00e9s de plein air, mais c&#8217;est aussi un point de d\u00e9part int\u00e9ressant pour d\u00e9couvrir la culture et les traditions de cette r\u00e9gion.La propri\u00e9t\u00e9 se trouve \u00e0 seulement 4 km de l&#8217;autoroute A1, ce qui en fait un centre d&#8217;int\u00e9r\u00eat pour les principaux sites touristiques. Florence, P\u00e9rouse et Assise sont toutes tr\u00e8s accessibles, tandis que Gubbio et Orvieto se trouvent \u00e0 moins d&#8217;une heure de route. Rome est accessible en train depuis Chiusi ou en deux heures de route.<\/p>\n\n<figure class=\"wp-block-image size-full\"><a href=\"https:\/\/antichefamiglietoscane.com\/wp-content\/uploads\/2018\/07\/cropped-cropped-219505_lsr_2016052835721181881.jpg\"><img loading=\"lazy\" decoding=\"async\" width=\"1024\" height=\"238\" src=\"https:\/\/antichefamiglietoscane.com\/wp-content\/uploads\/2018\/07\/cropped-cropped-219505_lsr_2016052835721181881.jpg\" alt=\"\" class=\"wp-image-4273\" srcset=\"https:\/\/antichefamiglietoscane.com\/wp-content\/uploads\/2018\/07\/cropped-cropped-219505_lsr_2016052835721181881.jpg 1024w, https:\/\/antichefamiglietoscane.com\/wp-content\/uploads\/2018\/07\/cropped-cropped-219505_lsr_2016052835721181881-300x70.jpg 300w, https:\/\/antichefamiglietoscane.com\/wp-content\/uploads\/2018\/07\/cropped-cropped-219505_lsr_2016052835721181881-768x179.jpg 768w, https:\/\/antichefamiglietoscane.com\/wp-content\/uploads\/2018\/07\/cropped-cropped-219505_lsr_2016052835721181881-600x139.jpg 600w\" sizes=\"auto, (max-width: 1024px) 100vw, 1024px\" \/><\/a><\/figure>\n\n<p>La Valdichiana est un excellent point de d\u00e9part pour les vacances, ouvrant \u00e0 la fois la r\u00e9gion de Sienne et la r\u00e9gion de l&#8217;Ombrie autour du lac Trasim\u00e8ne. C&#8217;\u00e9tait l&#8217;un des domaines les plus importants des \u00c9trusques ; la ville de Chiusi \u00e9tait un point d&#8217;\u00e9change avant la fondation de Rome. Chaque recoin de la campagne peut cacher un tr\u00e9sor : une petite \u00e9glise avec une \u0153uvre artistique inconnue ou un souvenir ancien d&#8217;une bataille. La nature rend cette zone tr\u00e8s vari\u00e9e et unique.<\/p>\n\n<h6 class=\"wp-block-heading\">O\u00f9 est&#8230;<\/h6>\n\n<h6 class=\"wp-block-heading\">Comment nous joindre<\/h6>\n\n<p>Palazzo di Piero se trouve dans la partie sud de la province de Sienne, la plus \u00e9tendue de la Toscane, entre le Val di Chiana (c\u00e9l\u00e8bre pour sa riche agriculture) et le Val d&#8217;Orcia. Les villes autour de la ferme (Montalcino, Montepulciano et Pienza) sont tr\u00e8s anciennes et c\u00e9l\u00e8bres pour leur production de vin et de fromage et se trouvent \u00e0 moins d&#8217;une heure de route.<\/p>\n\n<p><strong>Pour acc\u00e9der au Palazzo di Piero<\/strong>: de l&#8217;autoroute A1, sortir \u00e0 Chiusi-Chianciano. Prendre la direction de Chianciano ; apr\u00e8s 4 km, il y a une route blanche avec des arbres des deux c\u00f4t\u00e9s qui m\u00e8ne \u00e0 la ferme.<\/p>\n\n<h6 class=\"wp-block-heading\">Villes et mobilit\u00e9<\/h6>\n\n<h6 class=\"wp-block-heading\">Services locaux<\/h6>\n\n<ul class=\"wp-block-list\">\n<li>Sienne : 80 Km<\/li>\n\n\n\n<li>Florence : 100 Km<\/li>\n\n\n\n<li>Rome : 190 Km<\/li>\n\n\n\n<li>A\u00e9roports : \u00e0 Florence et \u00e0 Rome<\/li>\n\n\n\n<li>Gare ferroviaire (Chiusi) : 11 Km<\/li>\n\n\n\n<li>Arr\u00eat de bus : 1 Km<\/li>\n\n\n\n<li>A1 : 6 Km<\/li>\n<\/ul>\n\n<ul class=\"wp-block-list\">\n<li>Piscine : dans la ferme<\/li>\n\n\n\n<li>Tennis : 4 Km<\/li>\n\n\n\n<li>Chevaux : 2 Km<\/li>\n\n\n\n<li>Golf : 3 Km<\/li>\n\n\n\n<li>P\u00eache : \u00e0 la ferme<\/li>\n\n\n\n<li>Produits typiques : \u00e0 la ferme<\/li>\n\n\n\n<li>H\u00f4pital : 8 Km<\/li>\n<\/ul>\n\n","protected":false},"excerpt":{"rendered":"<p>Situ\u00e9 dans l&#8217;une des parties les plus idylliques de la Toscane et cach\u00e9 parmi les ch\u00eanes verts s\u00e9culaires, les pins, les vignobles, les oliveraies, les \u00e9tangs et les ruisseaux, le Palazzo di Piero poss\u00e8de le charme particulier des sites \u00e9trusques. Au bout d&#8217;une all\u00e9e bord\u00e9e de ch\u00eanes se trouve la grande demeure m\u00e9di\u00e9vale avec son [&hellip;]<\/p>\n","protected":false},"author":1,"featured_media":0,"parent":0,"menu_order":0,"comment_status":"closed","ping_status":"closed","template":"","meta":{"site-sidebar-layout":"right-sidebar","site-content-layout":"default","ast-site-content-layout":"default","site-content-style":"default","site-sidebar-style":"default","ast-global-header-display":"","ast-banner-title-visibility":"","ast-main-header-display":"","ast-hfb-above-header-display":"","ast-hfb-below-header-display":"","ast-hfb-mobile-header-display":"","site-post-title":"","ast-breadcrumbs-content":"","ast-featured-img":"disabled","footer-sml-layout":"","ast-disable-related-posts":"","theme-transparent-header-meta":"","adv-header-id-meta":"","stick-header-meta":"","header-above-stick-meta":"","header-main-stick-meta":"","header-below-stick-meta":"","astra-migrate-meta-layouts":"default","ast-page-background-enabled":"default","ast-page-background-meta":{"desktop":{"background-color":"","background-image":"","background-repeat":"repeat","background-position":"center center","background-size":"auto","background-attachment":"scroll","background-type":"","background-media":"","overlay-type":"","overlay-color":"","overlay-opacity":"","overlay-gradient":""},"tablet":{"background-color":"","background-image":"","background-repeat":"repeat","background-position":"center center","background-size":"auto","background-attachment":"scroll","background-type":"","background-media":"","overlay-type":"","overlay-color":"","overlay-opacity":"","overlay-gradient":""},"mobile":{"background-color":"","background-image":"","background-repeat":"repeat","background-position":"center center","background-size":"auto","background-attachment":"scroll","background-type":"","background-media":"","overlay-type":"","overlay-color":"","overlay-opacity":"","overlay-gradient":""}},"ast-content-background-meta":{"desktop":{"background-color":"var(--ast-global-color-5)","background-image":"","background-repeat":"repeat","background-position":"center center","background-size":"auto","background-attachment":"scroll","background-type":"","background-media":"","overlay-type":"","overlay-color":"","overlay-opacity":"","overlay-gradient":""},"tablet":{"background-color":"var(--ast-global-color-5)","background-image":"","background-repeat":"repeat","background-position":"center center","background-size":"auto","background-attachment":"scroll","background-type":"","background-media":"","overlay-type":"","overlay-color":"","overlay-opacity":"","overlay-gradient":""},"mobile":{"background-color":"var(--ast-global-color-5)","background-image":"","background-repeat":"repeat","background-position":"center center","background-size":"auto","background-attachment":"scroll","background-type":"","background-media":"","overlay-type":"","overlay-color":"","overlay-opacity":"","overlay-gradient":""}},"footnotes":""},"class_list":["post-3674","page","type-page","status-publish","hentry"],"_links":{"self":[{"href":"https:\/\/antichefamiglietoscane.com\/fr\/wp-json\/wp\/v2\/pages\/3674","targetHints":{"allow":["GET"]}}],"collection":[{"href":"https:\/\/antichefamiglietoscane.com\/fr\/wp-json\/wp\/v2\/pages"}],"about":[{"href":"https:\/\/antichefamiglietoscane.com\/fr\/wp-json\/wp\/v2\/types\/page"}],"author":[{"embeddable":true,"href":"https:\/\/antichefamiglietoscane.com\/fr\/wp-json\/wp\/v2\/users\/1"}],"replies":[{"embeddable":true,"href":"https:\/\/antichefamiglietoscane.com\/fr\/wp-json\/wp\/v2\/comments?post=3674"}],"version-history":[{"count":2,"href":"https:\/\/antichefamiglietoscane.com\/fr\/wp-json\/wp\/v2\/pages\/3674\/revisions"}],"predecessor-version":[{"id":4651,"href":"https:\/\/antichefamiglietoscane.com\/fr\/wp-json\/wp\/v2\/pages\/3674\/revisions\/4651"}],"wp:attachment":[{"href":"https:\/\/antichefamiglietoscane.com\/fr\/wp-json\/wp\/v2\/media?parent=3674"}],"curies":[{"name":"wp","href":"https:\/\/api.w.org\/{rel}","templated":true}]}}